{"id":1886,"date":"2015-03-19T09:05:51","date_gmt":"2015-03-19T08:05:51","guid":{"rendered":"http:\/\/demo.themealien.com\/claudio\/?page_id=1886"},"modified":"2023-09-17T20:34:01","modified_gmt":"2023-09-17T18:34:01","slug":"actualites","status":"publish","type":"page","link":"https:\/\/www.astro-piscines.ch\/fr\/actualites\/","title":{"rendered":"Actualit\u00e9s"},"content":{"rendered":"\r\n<h1 class=\"wp-block-heading\">Actualit\u00e9s<\/h1>\r\n","protected":false},"excerpt":{"rendered":"<p>Actualit\u00e9s<\/p>\n","protected":false},"author":1,"featured_media":0,"parent":0,"menu_order":0,"comment_status":"open","ping_status":"closed","template":"template-blog-list.php","meta":{"_yoast_wpseo_focuskw":"","_yoast_wpseo_title":"Actualit\u00e9s, d\u00e9couvrez toutes nos actualit\u00e9s | Astro Piscines","_yoast_wpseo_metadesc":"D\u00e9couvrez toutes les actualit\u00e9s li\u00e9es \u00e0 vos am\u00e9nagements ext\u00e9rieurs : spa, sauna, hammam. Des conseils pour les entretenir, des tendances et des nouveaut\u00e9s.","ngg_post_thumbnail":0,"footnotes":""},"class_list":["post-1886","page","type-page","status-publish","hentry","description-off"],"yoast_head":"<!-- This site is optimized with the Yoast SEO Premium plugin v22.7 (Yoast SEO v27.3) - https:\/\/yoast.com\/product\/yoast-seo-premium-wordpress\/ -->\n<title>Actualit\u00e9s, d\u00e9couvrez toutes nos actualit\u00e9s | Astro Piscines<\/title>\n<meta name=\"description\" content=\"D\u00e9couvrez toutes les actualit\u00e9s li\u00e9es \u00e0 vos am\u00e9nagements ext\u00e9rieurs : spa, sauna, hammam. Des conseils pour les entretenir, des tendances et des nouveaut\u00e9s.\" \/>\n<meta name=\"robots\" content=\"index, follow, max-snippet:-1, max-image-preview:large, max-video-preview:-1\" \/>\n<link rel=\"canonical\" href=\"https:\/\/www.astro-piscines.ch\/fr\/actualites\/\" \/>\n<meta property=\"og:locale\" content=\"fr_FR\" \/>\n<meta property=\"og:type\" content=\"article\" \/>\n<meta property=\"og:title\" content=\"Actualit\u00e9s\" \/>\n<meta property=\"og:description\" content=\"D\u00e9couvrez toutes les actualit\u00e9s li\u00e9es \u00e0 vos am\u00e9nagements ext\u00e9rieurs : spa, sauna, hammam. Des conseils pour les entretenir, des tendances et des nouveaut\u00e9s.\" \/>\n<meta property=\"og:url\" content=\"https:\/\/www.astro-piscines.ch\/fr\/actualites\/\" \/>\n<meta property=\"og:site_name\" content=\"Astro Piscines 1974\" \/>\n<meta property=\"article:modified_time\" content=\"2023-09-17T18:34:01+00:00\" \/>\n<meta name=\"twitter:card\" content=\"summary_large_image\" \/>\n<meta name=\"twitter:label1\" content=\"Dur\u00e9e de lecture estim\u00e9e\" \/>\n\t<meta name=\"twitter:data1\" content=\"1 minute\" \/>\n<script type=\"application\/ld+json\" class=\"yoast-schema-graph\">{\"@context\":\"https:\\\/\\\/schema.org\",\"@graph\":[{\"@type\":\"WebPage\",\"@id\":\"https:\\\/\\\/www.astro-piscines.ch\\\/fr\\\/actualites\\\/\",\"url\":\"https:\\\/\\\/www.astro-piscines.ch\\\/fr\\\/actualites\\\/\",\"name\":\"Actualit\u00e9s, d\u00e9couvrez toutes nos actualit\u00e9s | Astro Piscines\",\"isPartOf\":{\"@id\":\"https:\\\/\\\/www.astro-piscines.ch\\\/fr\\\/#website\"},\"datePublished\":\"2015-03-19T08:05:51+00:00\",\"dateModified\":\"2023-09-17T18:34:01+00:00\",\"description\":\"D\u00e9couvrez toutes les actualit\u00e9s li\u00e9es \u00e0 vos am\u00e9nagements ext\u00e9rieurs : spa, sauna, hammam. Des conseils pour les entretenir, des tendances et des nouveaut\u00e9s.\",\"breadcrumb\":{\"@id\":\"https:\\\/\\\/www.astro-piscines.ch\\\/fr\\\/actualites\\\/#breadcrumb\"},\"inLanguage\":\"fr-FR\",\"potentialAction\":[{\"@type\":\"ReadAction\",\"target\":[\"https:\\\/\\\/www.astro-piscines.ch\\\/fr\\\/actualites\\\/\"]}]},{\"@type\":\"BreadcrumbList\",\"@id\":\"https:\\\/\\\/www.astro-piscines.ch\\\/fr\\\/actualites\\\/#breadcrumb\",\"itemListElement\":[{\"@type\":\"ListItem\",\"position\":1,\"name\":\"Accueil\",\"item\":\"https:\\\/\\\/www.astro-piscines.ch\\\/fr\\\/\"},{\"@type\":\"ListItem\",\"position\":2,\"name\":\"Actualit\u00e9s\"}]},{\"@type\":\"WebSite\",\"@id\":\"https:\\\/\\\/www.astro-piscines.ch\\\/fr\\\/#website\",\"url\":\"https:\\\/\\\/www.astro-piscines.ch\\\/fr\\\/\",\"name\":\"Astro Piscines 1974\",\"description\":\"\",\"potentialAction\":[{\"@type\":\"SearchAction\",\"target\":{\"@type\":\"EntryPoint\",\"urlTemplate\":\"https:\\\/\\\/www.astro-piscines.ch\\\/fr\\\/?s={search_term_string}\"},\"query-input\":{\"@type\":\"PropertyValueSpecification\",\"valueRequired\":true,\"valueName\":\"search_term_string\"}}],\"inLanguage\":\"fr-FR\"}]}<\/script>\n<!-- \/ Yoast SEO Premium plugin. -->","yoast_head_json":{"title":"Actualit\u00e9s, d\u00e9couvrez toutes nos actualit\u00e9s | Astro Piscines","description":"D\u00e9couvrez toutes les actualit\u00e9s li\u00e9es \u00e0 vos am\u00e9nagements ext\u00e9rieurs : spa, sauna, hammam. Des conseils pour les entretenir, des tendances et des nouveaut\u00e9s.","robots":{"index":"index","follow":"follow","max-snippet":"max-snippet:-1","max-image-preview":"max-image-preview:large","max-video-preview":"max-video-preview:-1"},"canonical":"https:\/\/www.astro-piscines.ch\/fr\/actualites\/","og_locale":"fr_FR","og_type":"article","og_title":"Actualit\u00e9s","og_description":"D\u00e9couvrez toutes les actualit\u00e9s li\u00e9es \u00e0 vos am\u00e9nagements ext\u00e9rieurs : spa, sauna, hammam. Des conseils pour les entretenir, des tendances et des nouveaut\u00e9s.","og_url":"https:\/\/www.astro-piscines.ch\/fr\/actualites\/","og_site_name":"Astro Piscines 1974","article_modified_time":"2023-09-17T18:34:01+00:00","twitter_card":"summary_large_image","twitter_misc":{"Dur\u00e9e de lecture estim\u00e9e":"1 minute"},"schema":{"@context":"https:\/\/schema.org","@graph":[{"@type":"WebPage","@id":"https:\/\/www.astro-piscines.ch\/fr\/actualites\/","url":"https:\/\/www.astro-piscines.ch\/fr\/actualites\/","name":"Actualit\u00e9s, d\u00e9couvrez toutes nos actualit\u00e9s | Astro Piscines","isPartOf":{"@id":"https:\/\/www.astro-piscines.ch\/fr\/#website"},"datePublished":"2015-03-19T08:05:51+00:00","dateModified":"2023-09-17T18:34:01+00:00","description":"D\u00e9couvrez toutes les actualit\u00e9s li\u00e9es \u00e0 vos am\u00e9nagements ext\u00e9rieurs : spa, sauna, hammam. Des conseils pour les entretenir, des tendances et des nouveaut\u00e9s.","breadcrumb":{"@id":"https:\/\/www.astro-piscines.ch\/fr\/actualites\/#breadcrumb"},"inLanguage":"fr-FR","potentialAction":[{"@type":"ReadAction","target":["https:\/\/www.astro-piscines.ch\/fr\/actualites\/"]}]},{"@type":"BreadcrumbList","@id":"https:\/\/www.astro-piscines.ch\/fr\/actualites\/#breadcrumb","itemListElement":[{"@type":"ListItem","position":1,"name":"Accueil","item":"https:\/\/www.astro-piscines.ch\/fr\/"},{"@type":"ListItem","position":2,"name":"Actualit\u00e9s"}]},{"@type":"WebSite","@id":"https:\/\/www.astro-piscines.ch\/fr\/#website","url":"https:\/\/www.astro-piscines.ch\/fr\/","name":"Astro Piscines 1974","description":"","potentialAction":[{"@type":"SearchAction","target":{"@type":"EntryPoint","urlTemplate":"https:\/\/www.astro-piscines.ch\/fr\/?s={search_term_string}"},"query-input":{"@type":"PropertyValueSpecification","valueRequired":true,"valueName":"search_term_string"}}],"inLanguage":"fr-FR"}]}},"_links":{"self":[{"href":"https:\/\/www.astro-piscines.ch\/fr\/wp-json\/wp\/v2\/pages\/1886","targetHints":{"allow":["GET"]}}],"collection":[{"href":"https:\/\/www.astro-piscines.ch\/fr\/wp-json\/wp\/v2\/pages"}],"about":[{"href":"https:\/\/www.astro-piscines.ch\/fr\/wp-json\/wp\/v2\/types\/page"}],"author":[{"embeddable":true,"href":"https:\/\/www.astro-piscines.ch\/fr\/wp-json\/wp\/v2\/users\/1"}],"replies":[{"embeddable":true,"href":"https:\/\/www.astro-piscines.ch\/fr\/wp-json\/wp\/v2\/comments?post=1886"}],"version-history":[{"count":3,"href":"https:\/\/www.astro-piscines.ch\/fr\/wp-json\/wp\/v2\/pages\/1886\/revisions"}],"predecessor-version":[{"id":15804,"href":"https:\/\/www.astro-piscines.ch\/fr\/wp-json\/wp\/v2\/pages\/1886\/revisions\/15804"}],"wp:attachment":[{"href":"https:\/\/www.astro-piscines.ch\/fr\/wp-json\/wp\/v2\/media?parent=1886"}],"curies":[{"name":"wp","href":"https:\/\/api.w.org\/{rel}","templated":true}]}}