{"id":1994,"date":"2015-03-19T18:09:31","date_gmt":"2015-03-19T17:09:31","guid":{"rendered":"http:\/\/demo.themealien.com\/claudio\/?page_id=1994"},"modified":"2023-07-15T15:54:27","modified_gmt":"2023-07-15T13:54:27","slug":"a-propos","status":"publish","type":"page","link":"https:\/\/www.astro-piscines.ch\/fr\/a-propos\/","title":{"rendered":"A propos"},"content":{"rendered":"<div class=\"wpb-content-wrapper\"><p>[vc_row][vc_column]\n\t\t\t<!-- START A PROPOS REVOLUTION SLIDER 6.7.38 --><p class=\"rs-p-wp-fix\"><\/p>\n\t\t\t<rs-module-wrap id=\"rev_slider_44_1_wrapper\" data-source=\"gallery\" style=\"visibility:hidden;background:#111111;padding:0;margin:0px auto;margin-top:0;margin-bottom:0;\">\n\t\t\t\t<rs-module id=\"rev_slider_44_1\" style=\"\" data-version=\"6.7.38\">\n\t\t\t\t\t<rs-slides style=\"overflow: hidden; position: absolute;\">\n\t\t\t\t\t\t<rs-slide style=\"position: absolute;\" data-key=\"rs-134\" data-title=\"Slide\" data-in=\"o:0;\" data-out=\"a:false;\">\n\t\t\t\t\t\t\t<img decoding=\"async\" src=\"\/\/www.astro-piscines.ch\/wp-content\/plugins\/revslider\/sr6\/assets\/assets\/dummy.png\" alt=\"\" class=\"rev-slidebg tp-rs-img rs-lazyload\" data-lazyload=\"\/\/www.astro-piscines.ch\/wp-content\/uploads\/2017\/02\/Salon-de-jardin-ulm-c.jpg\" data-no-retina>\n<!--\n\t\t\t\t\t\t\t--><h1\n\t\t\t\t\t\t\t\tid=\"slider-44-slide-134-layer-0\" \n\t\t\t\t\t\t\t\tclass=\"rs-layer\"\n\t\t\t\t\t\t\t\tdata-type=\"text\"\n\t\t\t\t\t\t\t\tdata-color=\"#fff\"\n\t\t\t\t\t\t\t\tdata-tsh=\"h:5px,5px,5px,1px;v:5px,5px,5px,1px;b:10px,10px,10px,3px;\"\n\t\t\t\t\t\t\t\tdata-rsp_ch=\"on\"\n\t\t\t\t\t\t\t\tdata-xy=\"x:c;y:t,t,t,m;yo:192px,192px,192px,0;\"\n\t\t\t\t\t\t\t\tdata-text=\"w:normal;s:60,60,60,40;l:70,70,70,48;ls:-1,-1,-1,0;a:center;\"\n\t\t\t\t\t\t\t\tdata-dim=\"minh:0px,0px,0px,none;\"\n\t\t\t\t\t\t\t\tdata-frame_0=\"x:0,0,0,0px;y:0,0,0,0px;\"\n\t\t\t\t\t\t\t\tdata-frame_1=\"x:0,0,0,0px;y:0,0,0,0px;\"\n\t\t\t\t\t\t\t\tdata-frame_999=\"o:0;st:w;\"\n\t\t\t\t\t\t\t\tstyle=\"z-index:6;font-family:'Lato';text-transform:uppercase;\"\n\t\t\t\t\t\t\t>\u00c0 PROPOS \n\t\t\t\t\t\t\t<\/h1><!--\n-->\t\t\t\t\t<\/rs-slide>\n\t\t\t\t\t<\/rs-slides>\n\t\t\t\t<\/rs-module>\n\t\t\t\t<script>\n\t\t\t\t\tsetREVStartSize({c: 'rev_slider_44_1',rl:[1240,1240,1240,480],el:[507,507,507,405],gw:[1600,1600,1600,720],gh:[507,507,507,405],type:'standard',justify:'',layout:'fullwidth',mh:\"0\"});if (window.RS_MODULES!==undefined && window.RS_MODULES.modules!==undefined && window.RS_MODULES.modules[\"revslider441\"]!==undefined) {window.RS_MODULES.modules[\"revslider441\"].once = false;window.revapi44 = undefined;if (window.RS_MODULES.checkMinimal!==undefined) window.RS_MODULES.checkMinimal()}\n\t\t\t\t<\/script>\n\t\t\t<\/rs-module-wrap>\n\t\t\t<!-- END REVOLUTION SLIDER -->\n[vc_empty_space][\/vc_column][\/vc_row][vc_row css=\u00a0\u00bb.vc_custom_1452054515384{padding-top: 30px !important;padding-right: 30px !important;padding-left: 30px !important;}\u00a0\u00bb][vc_column][vc_row_inner][vc_column_inner][vc_custom_heading text=\u00a0\u00bbQui sommes-nous\u00a0\u00bb font_container=\u00a0\u00bbtag:h2|font_size:34px|text_align:left|color:%23262e31|line_height:34px\u00a0\u00bb google_fonts=\u00a0\u00bbfont_family:Lato%3A100%2C100italic%2C300%2C300italic%2Cregular%2Citalic%2C700%2C700italic%2C900%2C900italic|font_style:300%20light%20regular%3A300%3Anormal\u00a0\u00bb link=\u00a0\u00bb|||\u00a0\u00bb css=\u00a0\u00bb.vc_custom_1481054388736{padding-bottom: 10px !important;}\u00a0\u00bb el_class=\u00a0\u00bbtitre-border-left\u00a0\u00bb][\/vc_column_inner][\/vc_row_inner][vc_row_inner css=\u00a0\u00bb.vc_custom_1479978415525{padding-top: 20px !important;}\u00a0\u00bb][vc_column_inner width=\u00a0\u00bb1\/2&Prime;][vc_column_text]<\/p>\n<p><strong><u>Pr\u00e9sentation de la soci\u00e9t\u00e9&nbsp;:<\/u><\/strong><\/p>\n<p style=\"text-align: justify;\">Fond\u00e9e en 1974, Astro Piscines SA met \u00e0 votre service plus de 40 ans d\u2019exp\u00e9rience dans le domaine de la construction et la r\u00e9alisation d\u2019espaces wellness.<br \/>\nNous vous offrons des solutions compl\u00e8tes, de l\u2019avant-projet jusqu\u2019\u00e0 la r\u00e9alisation finale de votre piscine, hammam, sauna, jacuzzi ou pergola. Des techniques expertes parfaitement int\u00e9gr\u00e9es \u00e0 l\u2019environnement architectural, pour que votre imaginaire s\u2019\u00e9vade, que vos r\u00eaves naissent et vivent, et que votre corps se ressource\u2026 Vous faire plaisir est notre priorit\u00e9.<\/p>\n<p>[\/vc_column_text][\/vc_column_inner][vc_column_inner width=\u00a0\u00bb1\/2&Prime;][vc_column_text]<\/p>\n<p>Pour une nouvelle construction ou une r\u00e9novation, nos professionnels confirm\u00e9s, dessinateurs, ma\u00e7ons, carreleurs, techniciens piscines, peintres, menuisiers-charpentiers, s\u2019occupent de votre projet de A \u00e0 Z avec comp\u00e9tence, soin et \u00e9coute. Nous dressons des plans d\u00e9taill\u00e9s de vos envies, vous n\u2019avez plus qu\u2019\u00e0 vous projeter dans votre futur espace de d\u00e9tente.<\/p>\n<p>Nos responsables techniques supervisent le projet et s\u2019assurent d\u2019une ex\u00e9cution parfaite. Un seul interlocuteur, une seule garantie.<\/p>\n<p>Notre atout principal ?<br \/>\nRendre votre projet unique en fournissant un travail de tr\u00e8s haute qualit\u00e9 et en assurant un service apr\u00e8s-vente qui saura r\u00e9pondre \u00e0 vos attentes.<\/p>\n<p>[\/vc_column_text][\/vc_column_inner][\/vc_row_inner][\/vc_column][\/vc_row][vc_row][vc_column][vc_empty_space][\/vc_column][\/vc_row]<\/p>\n<\/div>","protected":false},"excerpt":{"rendered":"<p>[vc_row][vc_column][vc_empty_space][\/vc_column][\/vc_row][vc_row css=\u00a0\u00bb.vc_custom_1452054515384{padding-top: 30px !important;padding-right: 30px !important;padding-left: 30px !important;}\u00a0\u00bb][vc_column][vc_row_inner][vc_column_inner][vc_custom_heading text=\u00a0\u00bbQui sommes-nous\u00a0\u00bb font_container=\u00a0\u00bbtag:h2|font_size:34px|text_align:left|color:%23262e31|line_height:34px\u00a0\u00bb google_fonts=\u00a0\u00bbfont_family:Lato%3A100%2C100italic%2C300%2C300italic%2Cregular%2Citalic%2C700%2C700italic%2C900%2C900italic|font_style:300%20light%20regular%3A300%3Anormal\u00a0\u00bb link=\u00a0\u00bb|||\u00a0\u00bb css=\u00a0\u00bb.vc_custom_1481054388736{padding-bottom: 10px !important;}\u00a0\u00bb el_class=\u00a0\u00bbtitre-border-left\u00a0\u00bb][\/vc_column_inner][\/vc_row_inner][vc_row_inner css=\u00a0\u00bb.vc_custom_1479978415525{padding-top: 20px !important;}\u00a0\u00bb][vc_column_inner width=\u00a0\u00bb1\/2&Prime;][vc_column_text] Pr\u00e9sentation de la soci\u00e9t\u00e9&nbsp;: Fond\u00e9e en 1974, Astro Piscines SA met \u00e0 votre service plus de 40 ans d\u2019exp\u00e9rience dans le domaine de la construction et la r\u00e9alisation d\u2019espaces wellness. Nous vous offrons des&hellip;<\/p>\n","protected":false},"author":1,"featured_media":0,"parent":0,"menu_order":0,"comment_status":"closed","ping_status":"closed","template":"","meta":{"_yoast_wpseo_focuskw":"piscine","_yoast_wpseo_title":"\u00c0 propos, d\u00e9couvrez l'entreprise et ses atouts | Astro Piscines","_yoast_wpseo_metadesc":"D\u00e9couvrez l'univers d'Astro Piscines, une entreprise suisse pr\u00e9sente depuis plus de 40 ans qui offre une exp\u00e9rience et une qualit\u00e9 de service haut de gamme.","ngg_post_thumbnail":0,"footnotes":""},"class_list":["post-1994","page","type-page","status-publish","hentry","description-off"],"yoast_head":"<!-- This site is optimized with the Yoast SEO Premium plugin v22.7 (Yoast SEO v27.3) - https:\/\/yoast.com\/product\/yoast-seo-premium-wordpress\/ -->\n<title>\u00c0 propos, d\u00e9couvrez l&#039;entreprise et ses atouts | Astro Piscines<\/title>\n<meta name=\"description\" content=\"D\u00e9couvrez l&#039;univers d&#039;Astro Piscines, une entreprise suisse pr\u00e9sente depuis plus de 40 ans qui offre une exp\u00e9rience et une qualit\u00e9 de service haut de gamme.\" \/>\n<meta name=\"robots\" content=\"index, follow, max-snippet:-1, max-image-preview:large, max-video-preview:-1\" \/>\n<link rel=\"canonical\" href=\"https:\/\/www.astro-piscines.ch\/fr\/a-propos\/\" \/>\n<meta property=\"og:locale\" content=\"fr_FR\" \/>\n<meta property=\"og:type\" content=\"article\" \/>\n<meta property=\"og:title\" content=\"A propos\" \/>\n<meta property=\"og:description\" content=\"D\u00e9couvrez l&#039;univers d&#039;Astro Piscines, une entreprise suisse pr\u00e9sente depuis plus de 40 ans qui offre une exp\u00e9rience et une qualit\u00e9 de service haut de gamme.\" \/>\n<meta property=\"og:url\" content=\"https:\/\/www.astro-piscines.ch\/fr\/a-propos\/\" \/>\n<meta property=\"og:site_name\" content=\"Astro Piscines 1974\" \/>\n<meta property=\"article:modified_time\" content=\"2023-07-15T13:54:27+00:00\" \/>\n<meta name=\"twitter:card\" content=\"summary_large_image\" \/>\n<meta name=\"twitter:label1\" content=\"Dur\u00e9e de lecture estim\u00e9e\" \/>\n\t<meta name=\"twitter:data1\" content=\"2 minutes\" \/>\n<script type=\"application\/ld+json\" class=\"yoast-schema-graph\">{\"@context\":\"https:\\\/\\\/schema.org\",\"@graph\":[{\"@type\":\"WebPage\",\"@id\":\"https:\\\/\\\/www.astro-piscines.ch\\\/fr\\\/a-propos\\\/\",\"url\":\"https:\\\/\\\/www.astro-piscines.ch\\\/fr\\\/a-propos\\\/\",\"name\":\"\u00c0 propos, d\u00e9couvrez l'entreprise et ses atouts | Astro Piscines\",\"isPartOf\":{\"@id\":\"https:\\\/\\\/www.astro-piscines.ch\\\/fr\\\/#website\"},\"datePublished\":\"2015-03-19T17:09:31+00:00\",\"dateModified\":\"2023-07-15T13:54:27+00:00\",\"description\":\"D\u00e9couvrez l'univers d'Astro Piscines, une entreprise suisse pr\u00e9sente depuis plus de 40 ans qui offre une exp\u00e9rience et une qualit\u00e9 de service haut de gamme.\",\"breadcrumb\":{\"@id\":\"https:\\\/\\\/www.astro-piscines.ch\\\/fr\\\/a-propos\\\/#breadcrumb\"},\"inLanguage\":\"fr-FR\",\"potentialAction\":[{\"@type\":\"ReadAction\",\"target\":[\"https:\\\/\\\/www.astro-piscines.ch\\\/fr\\\/a-propos\\\/\"]}]},{\"@type\":\"BreadcrumbList\",\"@id\":\"https:\\\/\\\/www.astro-piscines.ch\\\/fr\\\/a-propos\\\/#breadcrumb\",\"itemListElement\":[{\"@type\":\"ListItem\",\"position\":1,\"name\":\"Accueil\",\"item\":\"https:\\\/\\\/www.astro-piscines.ch\\\/fr\\\/\"},{\"@type\":\"ListItem\",\"position\":2,\"name\":\"A propos\"}]},{\"@type\":\"WebSite\",\"@id\":\"https:\\\/\\\/www.astro-piscines.ch\\\/fr\\\/#website\",\"url\":\"https:\\\/\\\/www.astro-piscines.ch\\\/fr\\\/\",\"name\":\"Astro Piscines 1974\",\"description\":\"\",\"potentialAction\":[{\"@type\":\"SearchAction\",\"target\":{\"@type\":\"EntryPoint\",\"urlTemplate\":\"https:\\\/\\\/www.astro-piscines.ch\\\/fr\\\/?s={search_term_string}\"},\"query-input\":{\"@type\":\"PropertyValueSpecification\",\"valueRequired\":true,\"valueName\":\"search_term_string\"}}],\"inLanguage\":\"fr-FR\"}]}<\/script>\n<!-- \/ Yoast SEO Premium plugin. -->","yoast_head_json":{"title":"\u00c0 propos, d\u00e9couvrez l'entreprise et ses atouts | Astro Piscines","description":"D\u00e9couvrez l'univers d'Astro Piscines, une entreprise suisse pr\u00e9sente depuis plus de 40 ans qui offre une exp\u00e9rience et une qualit\u00e9 de service haut de gamme.","robots":{"index":"index","follow":"follow","max-snippet":"max-snippet:-1","max-image-preview":"max-image-preview:large","max-video-preview":"max-video-preview:-1"},"canonical":"https:\/\/www.astro-piscines.ch\/fr\/a-propos\/","og_locale":"fr_FR","og_type":"article","og_title":"A propos","og_description":"D\u00e9couvrez l'univers d'Astro Piscines, une entreprise suisse pr\u00e9sente depuis plus de 40 ans qui offre une exp\u00e9rience et une qualit\u00e9 de service haut de gamme.","og_url":"https:\/\/www.astro-piscines.ch\/fr\/a-propos\/","og_site_name":"Astro Piscines 1974","article_modified_time":"2023-07-15T13:54:27+00:00","twitter_card":"summary_large_image","twitter_misc":{"Dur\u00e9e de lecture estim\u00e9e":"2 minutes"},"schema":{"@context":"https:\/\/schema.org","@graph":[{"@type":"WebPage","@id":"https:\/\/www.astro-piscines.ch\/fr\/a-propos\/","url":"https:\/\/www.astro-piscines.ch\/fr\/a-propos\/","name":"\u00c0 propos, d\u00e9couvrez l'entreprise et ses atouts | Astro Piscines","isPartOf":{"@id":"https:\/\/www.astro-piscines.ch\/fr\/#website"},"datePublished":"2015-03-19T17:09:31+00:00","dateModified":"2023-07-15T13:54:27+00:00","description":"D\u00e9couvrez l'univers d'Astro Piscines, une entreprise suisse pr\u00e9sente depuis plus de 40 ans qui offre une exp\u00e9rience et une qualit\u00e9 de service haut de gamme.","breadcrumb":{"@id":"https:\/\/www.astro-piscines.ch\/fr\/a-propos\/#breadcrumb"},"inLanguage":"fr-FR","potentialAction":[{"@type":"ReadAction","target":["https:\/\/www.astro-piscines.ch\/fr\/a-propos\/"]}]},{"@type":"BreadcrumbList","@id":"https:\/\/www.astro-piscines.ch\/fr\/a-propos\/#breadcrumb","itemListElement":[{"@type":"ListItem","position":1,"name":"Accueil","item":"https:\/\/www.astro-piscines.ch\/fr\/"},{"@type":"ListItem","position":2,"name":"A propos"}]},{"@type":"WebSite","@id":"https:\/\/www.astro-piscines.ch\/fr\/#website","url":"https:\/\/www.astro-piscines.ch\/fr\/","name":"Astro Piscines 1974","description":"","potentialAction":[{"@type":"SearchAction","target":{"@type":"EntryPoint","urlTemplate":"https:\/\/www.astro-piscines.ch\/fr\/?s={search_term_string}"},"query-input":{"@type":"PropertyValueSpecification","valueRequired":true,"valueName":"search_term_string"}}],"inLanguage":"fr-FR"}]}},"_links":{"self":[{"href":"https:\/\/www.astro-piscines.ch\/fr\/wp-json\/wp\/v2\/pages\/1994","targetHints":{"allow":["GET"]}}],"collection":[{"href":"https:\/\/www.astro-piscines.ch\/fr\/wp-json\/wp\/v2\/pages"}],"about":[{"href":"https:\/\/www.astro-piscines.ch\/fr\/wp-json\/wp\/v2\/types\/page"}],"author":[{"embeddable":true,"href":"https:\/\/www.astro-piscines.ch\/fr\/wp-json\/wp\/v2\/users\/1"}],"replies":[{"embeddable":true,"href":"https:\/\/www.astro-piscines.ch\/fr\/wp-json\/wp\/v2\/comments?post=1994"}],"version-history":[{"count":4,"href":"https:\/\/www.astro-piscines.ch\/fr\/wp-json\/wp\/v2\/pages\/1994\/revisions"}],"predecessor-version":[{"id":15443,"href":"https:\/\/www.astro-piscines.ch\/fr\/wp-json\/wp\/v2\/pages\/1994\/revisions\/15443"}],"wp:attachment":[{"href":"https:\/\/www.astro-piscines.ch\/fr\/wp-json\/wp\/v2\/media?parent=1994"}],"curies":[{"name":"wp","href":"https:\/\/api.w.org\/{rel}","templated":true}]}}