{"id":7012,"date":"2020-11-29T13:38:56","date_gmt":"2020-11-29T12:38:56","guid":{"rendered":"https:\/\/dev2.astro-piscines.ch\/?page_id=7012"},"modified":"2025-06-18T11:36:18","modified_gmt":"2025-06-18T09:36:18","slug":"espaces-de-detente","status":"publish","type":"page","link":"https:\/\/www.astro-piscines.ch\/fr\/espaces-de-detente\/","title":{"rendered":"Espaces de d\u00e9tente"},"content":{"rendered":"<div class=\"wpb-content-wrapper\"><p>[vc_row][vc_column]\n\t\t\t<!-- START WELLNESSCAT REVOLUTION SLIDER 6.7.38 --><p class=\"rs-p-wp-fix\"><\/p>\n\t\t\t<rs-module-wrap id=\"rev_slider_33_1_wrapper\" data-source=\"gallery\" style=\"visibility:hidden;background:#111111;padding:0;margin:0px auto;margin-top:0;margin-bottom:0;\">\n\t\t\t\t<rs-module id=\"rev_slider_33_1\" style=\"\" data-version=\"6.7.38\">\n\t\t\t\t\t<rs-slides style=\"overflow: hidden; position: absolute;\">\n\t\t\t\t\t\t<rs-slide style=\"position: absolute;\" data-key=\"rs-123\" data-title=\"Slide\" data-in=\"o:0;\" data-out=\"a:false;\">\n\t\t\t\t\t\t\t<img decoding=\"async\" src=\"\/\/www.astro-piscines.ch\/wp-content\/plugins\/revslider\/sr6\/assets\/assets\/dummy.png\" alt=\"\" title=\"sauna-bg\" width=\"2200\" height=\"647\" class=\"rev-slidebg tp-rs-img rs-lazyload\" data-lazyload=\"\/\/www.astro-piscines.ch\/wp-content\/uploads\/2020\/11\/sauna-bg.jpg\" data-no-retina>\n<!--\n\t\t\t\t\t\t\t--><h1\n\t\t\t\t\t\t\t\tid=\"slider-33-slide-123-layer-0\" \n\t\t\t\t\t\t\t\tclass=\"rs-layer\"\n\t\t\t\t\t\t\t\tdata-type=\"text\"\n\t\t\t\t\t\t\t\tdata-color=\"#fff\"\n\t\t\t\t\t\t\t\tdata-tsh=\"h:5px,5px,5px,1px;v:5px,5px,5px,1px;b:10px,10px,10px,3px;\"\n\t\t\t\t\t\t\t\tdata-rsp_ch=\"on\"\n\t\t\t\t\t\t\t\tdata-xy=\"x:c;y:t,t,t,m;yo:192px,192px,192px,0;\"\n\t\t\t\t\t\t\t\tdata-text=\"w:normal;s:60,60,60,40;l:70,70,70,48;ls:-1,-1,-1,0;a:center;\"\n\t\t\t\t\t\t\t\tdata-dim=\"minh:0px,0px,0px,none;\"\n\t\t\t\t\t\t\t\tdata-frame_0=\"x:0,0,0,0px;y:0,0,0,0px;\"\n\t\t\t\t\t\t\t\tdata-frame_1=\"x:0,0,0,0px;y:0,0,0,0px;\"\n\t\t\t\t\t\t\t\tdata-frame_999=\"o:0;st:w;\"\n\t\t\t\t\t\t\t\tstyle=\"z-index:6;font-family:'Lato';text-transform:uppercase;\"\n\t\t\t\t\t\t\t>Espaces de d\u00e9tente \n\t\t\t\t\t\t\t<\/h1><!--\n\n\t\t\t\t\t\t\t--><rs-layer\n\t\t\t\t\t\t\t\tid=\"slider-33-slide-123-layer-13\" \n\t\t\t\t\t\t\t\tclass=\"astro-btn-2 rev-btn\"\n\t\t\t\t\t\t\t\tdata-type=\"button\"\n\t\t\t\t\t\t\t\tdata-color=\"rgba(255,255,255,1)\"\n\t\t\t\t\t\t\t\tdata-xy=\"x:c;y:m;yo:48px,48px,48px,95px;\"\n\t\t\t\t\t\t\t\tdata-text=\"s:14;l:14;fw:700;a:center;\"\n\t\t\t\t\t\t\t\tdata-rsp_bd=\"off\"\n\t\t\t\t\t\t\t\tdata-padding=\"t:18;r:45;b:18;l:45;\"\n\t\t\t\t\t\t\t\tdata-frame_0=\"y:-50px;\"\n\t\t\t\t\t\t\t\tdata-frame_1=\"e:power4.inOut;st:700;sp:1000;\"\n\t\t\t\t\t\t\t\tdata-frame_999=\"y:-50px;o:0;e:nothing;st:w;sp:1000;\"\n\t\t\t\t\t\t\t\tdata-frame_hover=\"bgc:#0b74e3;boc:#000;bor:0px,0px,0px,0px;bos:solid;oX:50;oY:50;sp:0;e:none;\"\n\t\t\t\t\t\t\t\tstyle=\"z-index:5;background-color:#0ba1e2;font-family:'Lato';text-transform:uppercase;cursor:pointer;outline:none;box-shadow:none;box-sizing:border-box;-moz-box-sizing:border-box;-webkit-box-sizing:border-box;\"\n\t\t\t\t\t\t\t>DEMANDER UN DEVIS \n\t\t\t\t\t\t\t<\/rs-layer><!--\n-->\t\t\t\t\t<\/rs-slide>\n\t\t\t\t\t<\/rs-slides>\n\t\t\t\t<\/rs-module>\n\t\t\t\t<script>\n\t\t\t\t\tsetREVStartSize({c: 'rev_slider_33_1',rl:[1240,1240,1240,480],el:[507,507,507,405],gw:[1600,1600,1600,720],gh:[507,507,507,405],type:'standard',justify:'',layout:'fullwidth',mh:\"0\"});if (window.RS_MODULES!==undefined && window.RS_MODULES.modules!==undefined && window.RS_MODULES.modules[\"revslider331\"]!==undefined) {window.RS_MODULES.modules[\"revslider331\"].once = false;window.revapi33 = undefined;if (window.RS_MODULES.checkMinimal!==undefined) window.RS_MODULES.checkMinimal()}\n\t\t\t\t<\/script>\n\t\t\t<\/rs-module-wrap>\n\t\t\t<!-- END REVOLUTION SLIDER -->\n[vc_empty_space][\/vc_column][\/vc_row][vc_row][vc_column width=\u00a0\u00bb1\/3&Prime;][vc_raw_html]JTNDc3R5bGUlM0UlMEEuY2FyZCUyMCU3QiUwQSUyMyUyMCUyMGJveC1zaGFkb3clM0ElMjAwJTIwNHB4JTIwOHB4JTIwMCUyMHJnYmElMjgwJTJDMCUyQzAlMkMwLjIlMjklM0IlMEElMjAlMjB0cmFuc2l0aW9uJTNBJTIwMC4zcyUzQiUwQSUyMCUyMGJvcmRlci1yYWRpdXMlM0ElMjAxMHB4JTNCJTBBJTIwJTIwbWluLWhlaWdodCUzQSUyMDMwMHB4JTNCJTBBJTIwJTIwbWF4LWhlaWdodCUzQSUyMGF1dG8lM0IlMEElN0QlMEElMEEuY2FyZCUzQWhvdmVyJTIwJTdCJTBBJTIzJTIwJTIwYm94LXNoYWRvdyUzQSUyMDAlMjA4cHglMjAxNnB4JTIwMCUyMHJnYmElMjgwJTJDMCUyQzAlMkMwLjIlMjklM0IlMEElN0QlMEElMEEuY29udGFpbmVyJTIwJTdCJTBBJTIwJTIwZm9udC1mYW1pbHklM0ElMjAlMjJMYXRvJTIyJTJDQXJpYWwlMkNzYW5zLXNlcmlmJTNCJTBBJTIwJTIwZm9udC1zaXplJTNBMjFweCUzQiUwQSUyMCUyMHBhZGRpbmclM0ElMjAyNXB4JTIwMTZweCUzQiUwQSUyMCUyMHRleHQtYWxpZ24lM0FjZW50ZXIlM0IlMEElMjAlMjBiYWNrZ3JvdW5kLWNvbG9yJTNBJTIwJTIzMUExQzIwJTNCJTBBJTIwJTIwY29sb3IlM0ElMjAlMjNmZmYlM0IlMEElMjAlMjBib3JkZXItcmFkaXVzJTNBJTIwMCUyMDAlMjAxMHB4JTIwMTBweCUzQiUwQSUyMCUyMG1hcmdpbi10b3AlM0EtMTBweCUwQSU3RCUwQSUwQS5jb250YWluZXIlMjBoNCUyMCU3QiUwQSUyMCUyMGNvbG9yJTNBJTIwJTIzZmZmJTNCJTBBJTdEJTBBJTBBLmltZ3Bvc3RjYXJkJTIwJTdCJTBBJTIwJTIwYm9yZGVyLXJhZGl1cyUzQSUyMDEwcHglMjAxMHB4JTIwMCUyMDAlM0IlMEElMjAlMjBoZWlnaHQlM0ElMjBhdXRvJTNCJTBBJTIwJTIwbWF4LXdpZHRoJTNBJTIwMTAwJTI1JTNCJTBBJTdEJTBBLmxpbmtwb3N0Y2FyZCUyMCU3QiUwQSUyMHRleHQtZGVjb3JhdGlvbiUzQSUyMG5vbmUlM0IlMEElN0QlMEElMEElMEElM0MlMkZzdHlsZSUzRSUwQSUzQ2ElMjBjbGFzcyUzRCUyMmxpbmtwb3N0Y2FyZCUyMiUyMGhyZWYlM0QlMjIlMkZmciUyRmVzcGFjZXMtZGUtZGV0ZW50ZSUyRnNhdW5hJTJGJTIyJTNFJTBBJTNDZGl2JTIwY2xhc3MlM0QlMjJjYXJkJTIyJTNFJTBBJTNDaW1nJTIwY2xhc3MlM0QlMjJpbWdwb3N0Y2FyZCUyMGF0dGFjaG1lbnQtZnVsbCUyMiUyMHNyYyUzRCUyMmh0dHBzJTNBJTJGJTJGd3d3LmFzdHJvLXBpc2NpbmVzLmNoJTJGd3AtY29udGVudCUyRnVwbG9hZHMlMkYyMDIzJTJGMDclMkZTYXVuYV9ib3gtMS5qcGclMjIlM0UlMEElMjAlMjAlM0NkaXYlMjBjbGFzcyUzRCUyMmNvbnRhaW5lciUyMiUzRSUwQSUyMCUyMCUyMCUyMFNBVU5BJTBBJTIwJTIwJTNDJTJGZGl2JTNFJTBBJTNDJTJGZGl2JTNFJTBBJTNDJTJGYSUzRQ==[\/vc_raw_html][vc_empty_space height=\u00a0\u00bb10px\u00a0\u00bb][vc_custom_heading text=\u00a0\u00bbNous concevons votre sauna finlandais ou biosauna sur mesure afin de r\u00e9pondre \u00e0 vos besoins et \u00e0 vos envies. Venez d\u00e9couvrir nos saunas en tremble, abachi et ch\u00eane \u00e0 Nyon.\u00a0\u00bb font_container=\u00a0\u00bbtag:p|text_align:justify\u00a0\u00bb google_fonts=\u00a0\u00bbfont_family:Lato%3A100%2C100italic%2C300%2C300italic%2Cregular%2Citalic%2C700%2C700italic%2C900%2C900italic|font_style:400%20regular%3A400%3Anormal\u00a0\u00bb css=\u00a0\u00bb\u00a0\u00bb][\/vc_column][vc_column width=\u00a0\u00bb1\/3&Prime;][vc_raw_html]JTNDYSUyMGNsYXNzJTNEJTIybGlua3Bvc3RjYXJkJTIyJTIwaHJlZiUzRCUyMiUyRmZyJTJGZXNwYWNlcy1kZS1kZXRlbnRlJTJGaGFtbWFtJTJGJTIyJTNFJTBBJTNDZGl2JTIwY2xhc3MlM0QlMjJjYXJkJTIyJTNFJTBBJTNDaW1nJTIwY2xhc3MlM0QlMjJpbWdwb3N0Y2FyZCUyMGF0dGFjaG1lbnQtZnVsbCUyMiUyMHNyYyUzRCUyMmh0dHBzJTNBJTJGJTJGd3d3LmFzdHJvLXBpc2NpbmVzLmNoJTJGd3AtY29udGVudCUyRnVwbG9hZHMlMkYyMDIzJTJGMTAlMkZoYW1tYW1fYm94LmpwZyUyMiUzRSUwQSUyMCUyMCUzQ2RpdiUyMGNsYXNzJTNEJTIyY29udGFpbmVyJTIyJTNFJTBBJTIwJTIwJTIwJTIwSEFNTUFNJTBBJTIwJTIwJTNDJTJGZGl2JTNFJTBBJTNDJTJGZGl2JTNFJTBBJTNDJTJGYSUzRQ==[\/vc_raw_html][vc_empty_space height=\u00a0\u00bb10px\u00a0\u00bb][vc_custom_heading text=\u00a0\u00bbVotre cabine hammam sera adapt\u00e9e \u00e0 vos go\u00fbts : moderne et \u00e9pur\u00e9e ou plus traditionnelle. Nous vous proposerons m\u00eame le choix de carrelage ou mosa\u00efque \u00e0 notre showroom de Nyon.\u00a0\u00bb font_container=\u00a0\u00bbtag:p|text_align:justify\u00a0\u00bb google_fonts=\u00a0\u00bbfont_family:Lato%3A100%2C100italic%2C300%2C300italic%2Cregular%2Citalic%2C700%2C700italic%2C900%2C900italic|font_style:400%20regular%3A400%3Anormal\u00a0\u00bb][\/vc_column][vc_column width=\u00a0\u00bb1\/3&Prime;][vc_raw_html]JTNDYSUyMGNsYXNzJTNEJTIybGlua3Bvc3RjYXJkJTIyJTIwaHJlZiUzRCUyMiUyRmZyJTJGZXNwYWNlcy1kZS1kZXRlbnRlJTJGamFjdXp6aSUyRiUyMiUzRSUwQSUzQ2RpdiUyMGNsYXNzJTNEJTIyY2FyZCUyMiUzRSUwQSUzQ2ltZyUyMGNsYXNzJTNEJTIyaW1ncG9zdGNhcmQlMjBhdHRhY2htZW50LWZ1bGwlMjIlMjBzcmMlM0QlMjJodHRwcyUzQSUyRiUyRnd3dy5hc3Ryby1waXNjaW5lcy5jaCUyRndwLWNvbnRlbnQlMkZ1cGxvYWRzJTJGMjAyMyUyRjA3JTJGZXhjbHVzaXZlX2JveC0xLmpwZyUyMiUzRSUwQSUyMCUyMCUzQ2RpdiUyMGNsYXNzJTNEJTIyY29udGFpbmVyJTIyJTNFJTBBJTIwJTIwJTIwJTIwSkFDVVpaSSUwQSUyMCUyMCUzQyUyRmRpdiUzRSUwQSUzQyUyRmRpdiUzRSUwQSUzQyUyRmElM0U=[\/vc_raw_html][vc_empty_space height=\u00a0\u00bb10px\u00a0\u00bb][vc_custom_heading text=\u00a0\u00bbR\u00e9alisez vos projets d\u2019implantations de jacuzzis \/ spas traditionnels, \u00e0 d\u00e9bordement, sur mesure ou encore votre spa de nage. Sp\u00e9cialistes du jacuzzi, nous disposons d\u2019une large palette de mod\u00e8les vari\u00e9s, destin\u00e9s \u00e0 usage priv\u00e9 ou public. Selon vos envies, nous adaptons notre offre que ce soit sur le plan technique et\/ou esth\u00e9tique. Nous mettons tout en \u0153uvre pour vous satisfaire.\u00a0\u00bb font_container=\u00a0\u00bbtag:p|text_align:justify\u00a0\u00bb google_fonts=\u00a0\u00bbfont_family:Lato%3A100%2C100italic%2C300%2C300italic%2Cregular%2Citalic%2C700%2C700italic%2C900%2C900italic|font_style:400%20regular%3A400%3Anormal\u00a0\u00bb][\/vc_column][\/vc_row][vc_row][vc_column][vc_empty_space][\/vc_column][\/vc_row]<\/p>\n<\/div>","protected":false},"excerpt":{"rendered":"<p>[vc_row][vc_column][vc_empty_space][\/vc_column][\/vc_row][vc_row][vc_column width=\u00a0\u00bb1\/3&Prime;][vc_raw_html]JTNDc3R5bGUlM0UlMEEuY2FyZCUyMCU3QiUwQSUyMyUyMCUyMGJveC1zaGFkb3clM0ElMjAwJTIwNHB4JTIwOHB4JTIwMCUyMHJnYmElMjgwJTJDMCUyQzAlMkMwLjIlMjklM0IlMEElMjAlMjB0cmFuc2l0aW9uJTNBJTIwMC4zcyUzQiUwQSUyMCUyMGJvcmRlci1yYWRpdXMlM0ElMjAxMHB4JTNCJTBBJTIwJTIwbWluLWhlaWdodCUzQSUyMDMwMHB4JTNCJTBBJTIwJTIwbWF4LWhlaWdodCUzQSUyMGF1dG8lM0IlMEElN0QlMEElMEEuY2FyZCUzQWhvdmVyJTIwJTdCJTBBJTIzJTIwJTIwYm94LXNoYWRvdyUzQSUyMDAlMjA4cHglMjAxNnB4JTIwMCUyMHJnYmElMjgwJTJDMCUyQzAlMkMwLjIlMjklM0IlMEElN0QlMEElMEEuY29udGFpbmVyJTIwJTdCJTBBJTIwJTIwZm9udC1mYW1pbHklM0ElMjAlMjJMYXRvJTIyJTJDQXJpYWwlMkNzYW5zLXNlcmlmJTNCJTBBJTIwJTIwZm9udC1zaXplJTNBMjFweCUzQiUwQSUyMCUyMHBhZGRpbmclM0ElMjAyNXB4JTIwMTZweCUzQiUwQSUyMCUyMHRleHQtYWxpZ24lM0FjZW50ZXIlM0IlMEElMjAlMjBiYWNrZ3JvdW5kLWNvbG9yJTNBJTIwJTIzMUExQzIwJTNCJTBBJTIwJTIwY29sb3IlM0ElMjAlMjNmZmYlM0IlMEElMjAlMjBib3JkZXItcmFkaXVzJTNBJTIwMCUyMDAlMjAxMHB4JTIwMTBweCUzQiUwQSUyMCUyMG1hcmdpbi10b3AlM0EtMTBweCUwQSU3RCUwQSUwQS5jb250YWluZXIlMjBoNCUyMCU3QiUwQSUyMCUyMGNvbG9yJTNBJTIwJTIzZmZmJTNCJTBBJTdEJTBBJTBBLmltZ3Bvc3RjYXJkJTIwJTdCJTBBJTIwJTIwYm9yZGVyLXJhZGl1cyUzQSUyMDEwcHglMjAxMHB4JTIwMCUyMDAlM0IlMEElMjAlMjBoZWlnaHQlM0ElMjBhdXRvJTNCJTBBJTIwJTIwbWF4LXdpZHRoJTNBJTIwMTAwJTI1JTNCJTBBJTdEJTBBLmxpbmtwb3N0Y2FyZCUyMCU3QiUwQSUyMHRleHQtZGVjb3JhdGlvbiUzQSUyMG5vbmUlM0IlMEElN0QlMEElMEElMEElM0MlMkZzdHlsZSUzRSUwQSUzQ2ElMjBjbGFzcyUzRCUyMmxpbmtwb3N0Y2FyZCUyMiUyMGhyZWYlM0QlMjIlMkZmciUyRmVzcGFjZXMtZGUtZGV0ZW50ZSUyRnNhdW5hJTJGJTIyJTNFJTBBJTNDZGl2JTIwY2xhc3MlM0QlMjJjYXJkJTIyJTNFJTBBJTNDaW1nJTIwY2xhc3MlM0QlMjJpbWdwb3N0Y2FyZCUyMGF0dGFjaG1lbnQtZnVsbCUyMiUyMHNyYyUzRCUyMmh0dHBzJTNBJTJGJTJGd3d3LmFzdHJvLXBpc2NpbmVzLmNoJTJGd3AtY29udGVudCUyRnVwbG9hZHMlMkYyMDIzJTJGMDclMkZTYXVuYV9ib3gtMS5qcGclMjIlM0UlMEElMjAlMjAlM0NkaXYlMjBjbGFzcyUzRCUyMmNvbnRhaW5lciUyMiUzRSUwQSUyMCUyMCUyMCUyMFNBVU5BJTBBJTIwJTIwJTNDJTJGZGl2JTNFJTBBJTNDJTJGZGl2JTNFJTBBJTNDJTJGYSUzRQ==[\/vc_raw_html][vc_empty_space height=\u00a0\u00bb10px\u00a0\u00bb][vc_custom_heading text=\u00a0\u00bbNous concevons votre sauna finlandais ou biosauna sur mesure afin de r\u00e9pondre \u00e0 vos besoins et \u00e0 vos envies. Venez d\u00e9couvrir nos saunas en tremble, abachi et ch\u00eane \u00e0 Nyon.\u00a0\u00bb font_container=\u00a0\u00bbtag:p|text_align:justify\u00a0\u00bb google_fonts=\u00a0\u00bbfont_family:Lato%3A100%2C100italic%2C300%2C300italic%2Cregular%2Citalic%2C700%2C700italic%2C900%2C900italic|font_style:400%20regular%3A400%3Anormal\u00a0\u00bb css=\u00a0\u00bb\u00a0\u00bb][\/vc_column][vc_column width=\u00a0\u00bb1\/3&Prime;][vc_raw_html]JTNDYSUyMGNsYXNzJTNEJTIybGlua3Bvc3RjYXJkJTIyJTIwaHJlZiUzRCUyMiUyRmZyJTJGZXNwYWNlcy1kZS1kZXRlbnRlJTJGaGFtbWFtJTJGJTIyJTNFJTBBJTNDZGl2JTIwY2xhc3MlM0QlMjJjYXJkJTIyJTNFJTBBJTNDaW1nJTIwY2xhc3MlM0QlMjJpbWdwb3N0Y2FyZCUyMGF0dGFjaG1lbnQtZnVsbCUyMiUyMHNyYyUzRCUyMmh0dHBzJTNBJTJGJTJGd3d3LmFzdHJvLXBpc2NpbmVzLmNoJTJGd3AtY29udGVudCUyRnVwbG9hZHMlMkYyMDIzJTJGMTAlMkZoYW1tYW1fYm94LmpwZyUyMiUzRSUwQSUyMCUyMCUzQ2RpdiUyMGNsYXNzJTNEJTIyY29udGFpbmVyJTIyJTNFJTBBJTIwJTIwJTIwJTIwSEFNTUFNJTBBJTIwJTIwJTNDJTJGZGl2JTNFJTBBJTNDJTJGZGl2JTNFJTBBJTNDJTJGYSUzRQ==[\/vc_raw_html][vc_empty_space height=\u00a0\u00bb10px\u00a0\u00bb][vc_custom_heading text=\u00a0\u00bbVotre cabine hammam sera adapt\u00e9e \u00e0 vos go\u00fbts : moderne et \u00e9pur\u00e9e ou plus traditionnelle. Nous vous&hellip;<\/p>\n","protected":false},"author":1,"featured_media":0,"parent":0,"menu_order":0,"comment_status":"closed","ping_status":"closed","template":"","meta":{"_yoast_wpseo_focuskw":"wellness","_yoast_wpseo_title":"Wellness: Comment l'Adopter au Quotidien","_yoast_wpseo_metadesc":"D\u00e9couvrez les bienfaits du wellness pour votre bien-\u00eatre. Am\u00e9liorez votre sant\u00e9 et votre qualit\u00e9 de vie aujourd'hui.","ngg_post_thumbnail":0,"footnotes":""},"class_list":["post-7012","page","type-page","status-publish","hentry","description-off"],"yoast_head":"<!-- This site is optimized with the Yoast SEO Premium plugin v22.7 (Yoast SEO v27.3) - https:\/\/yoast.com\/product\/yoast-seo-premium-wordpress\/ -->\n<title>Wellness: Comment l&#039;Adopter au Quotidien<\/title>\n<meta name=\"description\" content=\"D\u00e9couvrez les bienfaits du wellness pour votre bien-\u00eatre. Am\u00e9liorez votre sant\u00e9 et votre qualit\u00e9 de vie aujourd&#039;hui.\" \/>\n<meta name=\"robots\" content=\"index, follow, max-snippet:-1, max-image-preview:large, max-video-preview:-1\" \/>\n<link rel=\"canonical\" href=\"https:\/\/www.astro-piscines.ch\/fr\/espaces-de-detente\/\" \/>\n<meta property=\"og:locale\" content=\"fr_FR\" \/>\n<meta property=\"og:type\" content=\"article\" \/>\n<meta property=\"og:title\" content=\"Espaces de d\u00e9tente\" \/>\n<meta property=\"og:description\" content=\"D\u00e9couvrez les bienfaits du wellness pour votre bien-\u00eatre. Am\u00e9liorez votre sant\u00e9 et votre qualit\u00e9 de vie aujourd&#039;hui.\" \/>\n<meta property=\"og:url\" content=\"https:\/\/www.astro-piscines.ch\/fr\/espaces-de-detente\/\" \/>\n<meta property=\"og:site_name\" content=\"Astro Piscines 1974\" \/>\n<meta property=\"article:modified_time\" content=\"2025-06-18T09:36:18+00:00\" \/>\n<meta name=\"twitter:card\" content=\"summary_large_image\" \/>\n<meta name=\"twitter:label1\" content=\"Dur\u00e9e de lecture estim\u00e9e\" \/>\n\t<meta name=\"twitter:data1\" content=\"1 minute\" \/>\n<script type=\"application\/ld+json\" class=\"yoast-schema-graph\">{\"@context\":\"https:\\\/\\\/schema.org\",\"@graph\":[{\"@type\":\"WebPage\",\"@id\":\"https:\\\/\\\/www.astro-piscines.ch\\\/fr\\\/espaces-de-detente\\\/\",\"url\":\"https:\\\/\\\/www.astro-piscines.ch\\\/fr\\\/espaces-de-detente\\\/\",\"name\":\"Wellness: Comment l'Adopter au Quotidien\",\"isPartOf\":{\"@id\":\"https:\\\/\\\/www.astro-piscines.ch\\\/fr\\\/#website\"},\"datePublished\":\"2020-11-29T12:38:56+00:00\",\"dateModified\":\"2025-06-18T09:36:18+00:00\",\"description\":\"D\u00e9couvrez les bienfaits du wellness pour votre bien-\u00eatre. Am\u00e9liorez votre sant\u00e9 et votre qualit\u00e9 de vie aujourd'hui.\",\"breadcrumb\":{\"@id\":\"https:\\\/\\\/www.astro-piscines.ch\\\/fr\\\/espaces-de-detente\\\/#breadcrumb\"},\"inLanguage\":\"fr-FR\",\"potentialAction\":[{\"@type\":\"ReadAction\",\"target\":[\"https:\\\/\\\/www.astro-piscines.ch\\\/fr\\\/espaces-de-detente\\\/\"]}]},{\"@type\":\"BreadcrumbList\",\"@id\":\"https:\\\/\\\/www.astro-piscines.ch\\\/fr\\\/espaces-de-detente\\\/#breadcrumb\",\"itemListElement\":[{\"@type\":\"ListItem\",\"position\":1,\"name\":\"Accueil\",\"item\":\"https:\\\/\\\/www.astro-piscines.ch\\\/fr\\\/\"},{\"@type\":\"ListItem\",\"position\":2,\"name\":\"Espaces de d\u00e9tente\"}]},{\"@type\":\"WebSite\",\"@id\":\"https:\\\/\\\/www.astro-piscines.ch\\\/fr\\\/#website\",\"url\":\"https:\\\/\\\/www.astro-piscines.ch\\\/fr\\\/\",\"name\":\"Astro Piscines 1974\",\"description\":\"\",\"potentialAction\":[{\"@type\":\"SearchAction\",\"target\":{\"@type\":\"EntryPoint\",\"urlTemplate\":\"https:\\\/\\\/www.astro-piscines.ch\\\/fr\\\/?s={search_term_string}\"},\"query-input\":{\"@type\":\"PropertyValueSpecification\",\"valueRequired\":true,\"valueName\":\"search_term_string\"}}],\"inLanguage\":\"fr-FR\"}]}<\/script>\n<!-- \/ Yoast SEO Premium plugin. -->","yoast_head_json":{"title":"Wellness: Comment l'Adopter au Quotidien","description":"D\u00e9couvrez les bienfaits du wellness pour votre bien-\u00eatre. Am\u00e9liorez votre sant\u00e9 et votre qualit\u00e9 de vie aujourd'hui.","robots":{"index":"index","follow":"follow","max-snippet":"max-snippet:-1","max-image-preview":"max-image-preview:large","max-video-preview":"max-video-preview:-1"},"canonical":"https:\/\/www.astro-piscines.ch\/fr\/espaces-de-detente\/","og_locale":"fr_FR","og_type":"article","og_title":"Espaces de d\u00e9tente","og_description":"D\u00e9couvrez les bienfaits du wellness pour votre bien-\u00eatre. Am\u00e9liorez votre sant\u00e9 et votre qualit\u00e9 de vie aujourd'hui.","og_url":"https:\/\/www.astro-piscines.ch\/fr\/espaces-de-detente\/","og_site_name":"Astro Piscines 1974","article_modified_time":"2025-06-18T09:36:18+00:00","twitter_card":"summary_large_image","twitter_misc":{"Dur\u00e9e de lecture estim\u00e9e":"1 minute"},"schema":{"@context":"https:\/\/schema.org","@graph":[{"@type":"WebPage","@id":"https:\/\/www.astro-piscines.ch\/fr\/espaces-de-detente\/","url":"https:\/\/www.astro-piscines.ch\/fr\/espaces-de-detente\/","name":"Wellness: Comment l'Adopter au Quotidien","isPartOf":{"@id":"https:\/\/www.astro-piscines.ch\/fr\/#website"},"datePublished":"2020-11-29T12:38:56+00:00","dateModified":"2025-06-18T09:36:18+00:00","description":"D\u00e9couvrez les bienfaits du wellness pour votre bien-\u00eatre. Am\u00e9liorez votre sant\u00e9 et votre qualit\u00e9 de vie aujourd'hui.","breadcrumb":{"@id":"https:\/\/www.astro-piscines.ch\/fr\/espaces-de-detente\/#breadcrumb"},"inLanguage":"fr-FR","potentialAction":[{"@type":"ReadAction","target":["https:\/\/www.astro-piscines.ch\/fr\/espaces-de-detente\/"]}]},{"@type":"BreadcrumbList","@id":"https:\/\/www.astro-piscines.ch\/fr\/espaces-de-detente\/#breadcrumb","itemListElement":[{"@type":"ListItem","position":1,"name":"Accueil","item":"https:\/\/www.astro-piscines.ch\/fr\/"},{"@type":"ListItem","position":2,"name":"Espaces de d\u00e9tente"}]},{"@type":"WebSite","@id":"https:\/\/www.astro-piscines.ch\/fr\/#website","url":"https:\/\/www.astro-piscines.ch\/fr\/","name":"Astro Piscines 1974","description":"","potentialAction":[{"@type":"SearchAction","target":{"@type":"EntryPoint","urlTemplate":"https:\/\/www.astro-piscines.ch\/fr\/?s={search_term_string}"},"query-input":{"@type":"PropertyValueSpecification","valueRequired":true,"valueName":"search_term_string"}}],"inLanguage":"fr-FR"}]}},"_links":{"self":[{"href":"https:\/\/www.astro-piscines.ch\/fr\/wp-json\/wp\/v2\/pages\/7012","targetHints":{"allow":["GET"]}}],"collection":[{"href":"https:\/\/www.astro-piscines.ch\/fr\/wp-json\/wp\/v2\/pages"}],"about":[{"href":"https:\/\/www.astro-piscines.ch\/fr\/wp-json\/wp\/v2\/types\/page"}],"author":[{"embeddable":true,"href":"https:\/\/www.astro-piscines.ch\/fr\/wp-json\/wp\/v2\/users\/1"}],"replies":[{"embeddable":true,"href":"https:\/\/www.astro-piscines.ch\/fr\/wp-json\/wp\/v2\/comments?post=7012"}],"version-history":[{"count":14,"href":"https:\/\/www.astro-piscines.ch\/fr\/wp-json\/wp\/v2\/pages\/7012\/revisions"}],"predecessor-version":[{"id":16777,"href":"https:\/\/www.astro-piscines.ch\/fr\/wp-json\/wp\/v2\/pages\/7012\/revisions\/16777"}],"wp:attachment":[{"href":"https:\/\/www.astro-piscines.ch\/fr\/wp-json\/wp\/v2\/media?parent=7012"}],"curies":[{"name":"wp","href":"https:\/\/api.w.org\/{rel}","templated":true}]}}