{"id":7287,"date":"2020-12-12T18:21:14","date_gmt":"2020-12-12T17:21:14","guid":{"rendered":"https:\/\/dev2.astro-piscines.ch\/?page_id=7287"},"modified":"2023-10-09T15:12:45","modified_gmt":"2023-10-09T13:12:45","slug":"hammam","status":"publish","type":"page","link":"https:\/\/www.astro-piscines.ch\/fr\/espaces-de-detente\/hammam\/","title":{"rendered":"Hammam"},"content":{"rendered":"<div class=\"wpb-content-wrapper\"><p>[vc_row][vc_column]\n\t\t\t<!-- START HAMMAMHEADER REVOLUTION SLIDER 6.7.38 --><p class=\"rs-p-wp-fix\"><\/p>\n\t\t\t<rs-module-wrap id=\"rev_slider_35_1_wrapper\" data-source=\"gallery\" style=\"visibility:hidden;background:#111111;padding:0;margin:0px auto;margin-top:0;margin-bottom:0;\">\n\t\t\t\t<rs-module id=\"rev_slider_35_1\" style=\"\" data-version=\"6.7.38\">\n\t\t\t\t\t<rs-slides style=\"overflow: hidden; position: absolute;\">\n\t\t\t\t\t\t<rs-slide style=\"position: absolute;\" data-key=\"rs-125\" data-title=\"Slide\" data-in=\"o:0;\" data-out=\"a:false;\">\n\t\t\t\t\t\t\t<img decoding=\"async\" src=\"\/\/www.astro-piscines.ch\/wp-content\/plugins\/revslider\/sr6\/assets\/assets\/dummy.png\" alt=\"\" title=\"hammam-bg\" width=\"2200\" height=\"647\" class=\"rev-slidebg tp-rs-img rs-lazyload\" data-lazyload=\"\/\/www.astro-piscines.ch\/wp-content\/uploads\/2020\/11\/hammam-bg.jpg\" data-no-retina>\n<!--\n\t\t\t\t\t\t\t--><h1\n\t\t\t\t\t\t\t\tid=\"slider-35-slide-125-layer-0\" \n\t\t\t\t\t\t\t\tclass=\"rs-layer\"\n\t\t\t\t\t\t\t\tdata-type=\"text\"\n\t\t\t\t\t\t\t\tdata-color=\"#fff\"\n\t\t\t\t\t\t\t\tdata-tsh=\"h:5px,5px,5px,1px;v:5px,5px,5px,1px;b:10px,10px,10px,3px;\"\n\t\t\t\t\t\t\t\tdata-rsp_ch=\"on\"\n\t\t\t\t\t\t\t\tdata-xy=\"x:c;y:t,t,t,m;yo:192px,192px,192px,0;\"\n\t\t\t\t\t\t\t\tdata-text=\"w:normal;s:60,60,60,40;l:70,70,70,48;ls:-1,-1,-1,0;a:center;\"\n\t\t\t\t\t\t\t\tdata-dim=\"minh:0px,0px,0px,none;\"\n\t\t\t\t\t\t\t\tdata-frame_0=\"x:0,0,0,0px;y:0,0,0,0px;\"\n\t\t\t\t\t\t\t\tdata-frame_1=\"x:0,0,0,0px;y:0,0,0,0px;\"\n\t\t\t\t\t\t\t\tdata-frame_999=\"o:0;st:w;\"\n\t\t\t\t\t\t\t\tstyle=\"z-index:6;font-family:'Lato';text-transform:uppercase;\"\n\t\t\t\t\t\t\t>HAMMAM \n\t\t\t\t\t\t\t<\/h1><!--\n\n\t\t\t\t\t\t\t--><rs-layer\n\t\t\t\t\t\t\t\tid=\"slider-35-slide-125-layer-13\" \n\t\t\t\t\t\t\t\tclass=\"astro-btn-2 rev-btn\"\n\t\t\t\t\t\t\t\tdata-type=\"button\"\n\t\t\t\t\t\t\t\tdata-color=\"rgba(255,255,255,1)\"\n\t\t\t\t\t\t\t\tdata-xy=\"x:c;y:m;yo:48px,48px,48px,95px;\"\n\t\t\t\t\t\t\t\tdata-text=\"s:14;l:14;fw:700;a:center;\"\n\t\t\t\t\t\t\t\tdata-rsp_bd=\"off\"\n\t\t\t\t\t\t\t\tdata-padding=\"t:18;r:45;b:18;l:45;\"\n\t\t\t\t\t\t\t\tdata-frame_0=\"y:-50px;\"\n\t\t\t\t\t\t\t\tdata-frame_1=\"e:power4.inOut;st:700;sp:1000;\"\n\t\t\t\t\t\t\t\tdata-frame_999=\"y:-50px;o:0;e:nothing;st:w;sp:1000;\"\n\t\t\t\t\t\t\t\tdata-frame_hover=\"bgc:#0b74e3;boc:#000;bor:0px,0px,0px,0px;bos:solid;oX:50;oY:50;sp:0;e:none;\"\n\t\t\t\t\t\t\t\tstyle=\"z-index:5;background-color:#0ba1e2;font-family:'Lato';text-transform:uppercase;cursor:pointer;outline:none;box-shadow:none;box-sizing:border-box;-moz-box-sizing:border-box;-webkit-box-sizing:border-box;\"\n\t\t\t\t\t\t\t>DEMANDER UN DEVIS \n\t\t\t\t\t\t\t<\/rs-layer><!--\n-->\t\t\t\t\t<\/rs-slide>\n\t\t\t\t\t<\/rs-slides>\n\t\t\t\t<\/rs-module>\n\t\t\t\t<script>\n\t\t\t\t\tsetREVStartSize({c: 'rev_slider_35_1',rl:[1240,1240,1240,480],el:[507,507,507,405],gw:[1600,1600,1600,720],gh:[507,507,507,405],type:'standard',justify:'',layout:'fullwidth',mh:\"0\"});if (window.RS_MODULES!==undefined && window.RS_MODULES.modules!==undefined && window.RS_MODULES.modules[\"revslider351\"]!==undefined) {window.RS_MODULES.modules[\"revslider351\"].once = false;window.revapi35 = undefined;if (window.RS_MODULES.checkMinimal!==undefined) window.RS_MODULES.checkMinimal()}\n\t\t\t\t<\/script>\n\t\t\t<\/rs-module-wrap>\n\t\t\t<!-- END REVOLUTION SLIDER -->\n[vc_empty_space][\/vc_column][\/vc_row][vc_row equal_height=\u00a0\u00bbyes\u00a0\u00bb css=\u00a0\u00bb.vc_custom_1607781573991{padding-top: 20px !important;padding-bottom: 20px !important;}\u00a0\u00bb][vc_column width=\u00a0\u00bb1\/2&Prime; css=\u00a0\u00bb.vc_custom_1607779927452{padding-top: 20px !important;padding-bottom: 20px !important;}\u00a0\u00bb][vc_column_text]<\/p>\n<p>ngg_shortcode_0_placeholder[\/vc_column_text][\/vc_column][vc_column width=\u00a0\u00bb1\/2&Prime;][vc_column_text]<\/p>\n<div class=\"b-titre\">\n<h2 style=\"text-align: left;\"><span class=\"b-subtitle\">Hammam<\/span><\/h2>\n<\/div>\n<div class=\"txt-gallerie\">\n<p style=\"text-align: justify;\">Cr\u00e9ez votre espace de bien-\u00eatre en choisissant le hammam sur mesure qui vous apportera enti\u00e8re satisfaction. Laissez parler votre imagination dans un moment de d\u00e9tente et de relaxation.<\/p>\n<p style=\"text-align: justify;\">Jeux de lumi\u00e8re relaxants aux couleurs r\u00e9glables, \u00e9clairage design, ajustement de la quantit\u00e9 de vapeur, musique, essences parfum\u00e9es, portes vitr\u00e9es et de nombreuses caract\u00e9ristiques techniques. Nous sommes \u00e0 votre disposition pour vous conseiller sur les possibilit\u00e9s qui s\u2019offrent \u00e0 vous.<\/p>\n<\/div>\n<p>[\/vc_column_text][\/vc_column][\/vc_row][vc_row equal_height=\u00a0\u00bbyes\u00a0\u00bb][vc_column width=\u00a0\u00bb1\/2&Prime; css=\u00a0\u00bb.vc_custom_1607783750136{padding-top: 20px !important;padding-bottom: 20px !important;}\u00a0\u00bb][vc_column_text]<\/p>\n<div class=\"b-titre\">\n<h2 style=\"text-align: right;\"><span class=\"b-subtitle\">Avantages<\/span><\/h2>\n<\/div>\n<div class=\"txt-gallerie\">\n<p style=\"text-align: justify;\">C\u2019est une chaleur humide supportable et essentiellement agr\u00e9able pour votre corps. Ce bain de vapeur chaude favorise la dilatation des pores de la peau permettant un nettoyage en profondeur et l\u2019\u00e9limination des toxines. Votre peau deviendra plus ferme et fra\u00eeche.<\/p>\n<p style=\"text-align: justify;\">Profitez des bienfaits du hammam au quotidien et ce pour de nombreuses ann\u00e9es.<\/p>\n<\/div>\n<p>[\/vc_column_text][\/vc_column][vc_column width=\u00a0\u00bb1\/2&Prime; css=\u00a0\u00bb.vc_custom_1607781586004{padding-top: 20px !important;padding-bottom: 20px !important;}\u00a0\u00bb][vc_column_text]<\/p>\n<p>ngg_shortcode_1_placeholder[\/vc_column_text][\/vc_column][\/vc_row][vc_row equal_height=\u00a0\u00bbyes\u00a0\u00bb][vc_column width=\u00a0\u00bb1\/2&Prime; css=\u00a0\u00bb.vc_custom_1607783827968{padding-top: 20px !important;padding-bottom: 20px !important;}\u00a0\u00bb][vc_column_text]<\/p>\n<p>ngg_shortcode_2_placeholder[\/vc_column_text][\/vc_column][vc_column width=\u00a0\u00bb1\/2&Prime; css=\u00a0\u00bb.vc_custom_1607781586004{padding-top: 20px !important;padding-bottom: 20px !important;}\u00a0\u00bb][vc_column_text css=\u00a0\u00bb.vc_custom_1689417276334{padding-top: 20px !important;padding-bottom: 20px !important;}\u00a0\u00bb]<\/p>\n<div class=\"b-titre\">\n<h2 style=\"text-align: left;\"><span class=\"b-subtitle\">Exemples<\/span><\/h2>\n<\/div>\n<div class=\"txt-gallerie\">\n<p style=\"text-align: justify;\">Vous pourrez opter pour un am\u00e9nagement moderne et \u00e9pur\u00e9 de votre hammam, ou bien avoir le hammam classique avec un toit en ogive et un ciel \u00e9toil\u00e9, c\u2019est vous qui d\u00e9cidez.<\/p>\n<\/div>\n<p>[\/vc_column_text][\/vc_column][\/vc_row][vc_row][vc_column][vc_empty_space][vc_column_text]<\/p>\n<h2 style=\"text-align: center;\">Voici quelques exemples d&rsquo;am\u00e9nagements possibles d&rsquo;une cabine hammam :<\/h2>\n<p>[\/vc_column_text][\/vc_column][\/vc_row][vc_row][vc_column][\/vc_column][\/vc_row][vc_row][vc_column width=\u00a0\u00bb1\/2&Prime;][vc_single_image image=\u00a0\u00bb15951&Prime; img_size=\u00a0\u00bblarge\u00a0\u00bb alignment=\u00a0\u00bbcenter\u00a0\u00bb][\/vc_column][vc_column width=\u00a0\u00bb1\/2&Prime;][vc_single_image image=\u00a0\u00bb15953&Prime; img_size=\u00a0\u00bbfull\u00a0\u00bb][\/vc_column][\/vc_row][vc_row][vc_column width=\u00a0\u00bb1\/2&Prime;][vc_single_image image=\u00a0\u00bb15955&Prime; img_size=\u00a0\u00bblarge\u00a0\u00bb alignment=\u00a0\u00bbcenter\u00a0\u00bb][\/vc_column][vc_column width=\u00a0\u00bb1\/2&Prime;][vc_single_image image=\u00a0\u00bb15957&Prime; img_size=\u00a0\u00bblarge\u00a0\u00bb][\/vc_column][\/vc_row][vc_row][vc_column width=\u00a0\u00bb1\/2&Prime;][vc_single_image image=\u00a0\u00bb15959&Prime; img_size=\u00a0\u00bblarge\u00a0\u00bb alignment=\u00a0\u00bbcenter\u00a0\u00bb][\/vc_column][vc_column width=\u00a0\u00bb1\/2&Prime;][vc_single_image image=\u00a0\u00bb15961&Prime; img_size=\u00a0\u00bbfull\u00a0\u00bb][\/vc_column][\/vc_row][vc_row][vc_column width=\u00a0\u00bb1\/2&Prime;][vc_single_image image=\u00a0\u00bb15963&Prime; img_size=\u00a0\u00bblarge\u00a0\u00bb alignment=\u00a0\u00bbcenter\u00a0\u00bb][\/vc_column][vc_column width=\u00a0\u00bb1\/2&Prime;][vc_single_image image=\u00a0\u00bb15965&Prime; img_size=\u00a0\u00bblarge\u00a0\u00bb][\/vc_column][\/vc_row][vc_row][vc_column width=\u00a0\u00bb1\/2&Prime;][vc_single_image image=\u00a0\u00bb15967&Prime; img_size=\u00a0\u00bblarge\u00a0\u00bb alignment=\u00a0\u00bbcenter\u00a0\u00bb][\/vc_column][vc_column width=\u00a0\u00bb1\/2&Prime;][vc_single_image image=\u00a0\u00bb15969&Prime; img_size=\u00a0\u00bblarge\u00a0\u00bb][\/vc_column][\/vc_row][vc_row][vc_column width=\u00a0\u00bb1\/2&Prime;][vc_single_image image=\u00a0\u00bb15971&Prime; img_size=\u00a0\u00bblarge\u00a0\u00bb alignment=\u00a0\u00bbcenter\u00a0\u00bb][\/vc_column][vc_column width=\u00a0\u00bb1\/2&Prime;][vc_single_image image=\u00a0\u00bb15973&Prime; img_size=\u00a0\u00bblarge\u00a0\u00bb][\/vc_column][\/vc_row][vc_row][vc_column width=\u00a0\u00bb1\/2&Prime;][vc_single_image image=\u00a0\u00bb15975&Prime; img_size=\u00a0\u00bblarge\u00a0\u00bb alignment=\u00a0\u00bbcenter\u00a0\u00bb][\/vc_column][vc_column width=\u00a0\u00bb1\/2&Prime;][vc_single_image image=\u00a0\u00bb15977&Prime; img_size=\u00a0\u00bblarge\u00a0\u00bb][\/vc_column][\/vc_row][vc_row][vc_column width=\u00a0\u00bb1\/2&Prime;][vc_single_image image=\u00a0\u00bb15979&Prime; img_size=\u00a0\u00bblarge\u00a0\u00bb alignment=\u00a0\u00bbcenter\u00a0\u00bb][\/vc_column][vc_column width=\u00a0\u00bb1\/2&Prime;][vc_single_image image=\u00a0\u00bb15981&Prime; img_size=\u00a0\u00bblarge\u00a0\u00bb][\/vc_column][\/vc_row][vc_row content_placement=\u00a0\u00bbmiddle\u00a0\u00bb][vc_column][vc_empty_space][vc_column_text]<\/p>\n<h2 style=\"text-align: center;\">Vous pouvez choisir la forme de votre banquette humide<\/h2>\n<p>[\/vc_column_text][\/vc_column][\/vc_row][vc_row][vc_column][vc_single_image image=\u00a0\u00bb15988&Prime; img_size=\u00a0\u00bbfull\u00a0\u00bb alignment=\u00a0\u00bbcenter\u00a0\u00bb][\/vc_column][\/vc_row][vc_row][vc_column width=\u00a0\u00bb1\/2&Prime;][vc_single_image image=\u00a0\u00bb15990&Prime; img_size=\u00a0\u00bbmedium\u00a0\u00bb alignment=\u00a0\u00bbcenter\u00a0\u00bb][\/vc_column][vc_column width=\u00a0\u00bb1\/2&Prime;][vc_single_image image=\u00a0\u00bb15994&Prime; img_size=\u00a0\u00bbmedium\u00a0\u00bb alignment=\u00a0\u00bbcenter\u00a0\u00bb][\/vc_column][\/vc_row][vc_row content_placement=\u00a0\u00bbmiddle\u00a0\u00bb][vc_column][vc_empty_space][vc_column_text]<\/p>\n<h2 style=\"text-align: center;\">Chouchoutez vos pieds pendant ce moment de d\u00e9tente<\/h2>\n<p>[\/vc_column_text][\/vc_column][\/vc_row][vc_row][vc_column width=\u00a0\u00bb1\/2&Prime;][vc_single_image image=\u00a0\u00bb16012&Prime; img_size=\u00a0\u00bbmedium\u00a0\u00bb alignment=\u00a0\u00bbcenter\u00a0\u00bb][\/vc_column][vc_column width=\u00a0\u00bb1\/2&Prime;][vc_single_image image=\u00a0\u00bb16014&Prime; img_size=\u00a0\u00bbmedium\u00a0\u00bb alignment=\u00a0\u00bbcenter\u00a0\u00bb][\/vc_column][\/vc_row][vc_row][vc_column width=\u00a0\u00bb1\/2&Prime;][vc_empty_space][vc_single_image image=\u00a0\u00bb16016&Prime; img_size=\u00a0\u00bbmedium\u00a0\u00bb alignment=\u00a0\u00bbcenter\u00a0\u00bb][\/vc_column][vc_column width=\u00a0\u00bb1\/2&Prime;][vc_empty_space][vc_single_image image=\u00a0\u00bb16018&Prime; img_size=\u00a0\u00bbmedium\u00a0\u00bb alignment=\u00a0\u00bbcenter\u00a0\u00bb][\/vc_column][\/vc_row][vc_row content_placement=\u00a0\u00bbmiddle\u00a0\u00bb][vc_column][vc_empty_space][vc_column_text]<\/p>\n<h2 style=\"text-align: center;\">Relaxez-vous sur une chaise longue chauffante s\u00e8che<\/h2>\n<p>[\/vc_column_text][\/vc_column][\/vc_row][vc_row][vc_column width=\u00a0\u00bb1\/2&Prime;][vc_single_image image=\u00a0\u00bb16002&Prime; img_size=\u00a0\u00bbmedium\u00a0\u00bb alignment=\u00a0\u00bbcenter\u00a0\u00bb][\/vc_column][vc_column width=\u00a0\u00bb1\/2&Prime;][vc_single_image image=\u00a0\u00bb16008&Prime; img_size=\u00a0\u00bbmedium\u00a0\u00bb alignment=\u00a0\u00bbcenter\u00a0\u00bb][\/vc_column][\/vc_row][vc_row][vc_column width=\u00a0\u00bb1\/2&Prime;][vc_empty_space][vc_single_image image=\u00a0\u00bb16004&Prime; img_size=\u00a0\u00bbmedium\u00a0\u00bb alignment=\u00a0\u00bbcenter\u00a0\u00bb][\/vc_column][vc_column width=\u00a0\u00bb1\/2&Prime;][vc_empty_space][vc_single_image image=\u00a0\u00bb16006&Prime; img_size=\u00a0\u00bbmedium\u00a0\u00bb alignment=\u00a0\u00bbcenter\u00a0\u00bb][\/vc_column][\/vc_row][vc_row content_placement=\u00a0\u00bbmiddle\u00a0\u00bb][vc_column][vc_empty_space][vc_cta h2=\u00a0\u00bb\u00a0\u00bb h4=\u00a0\u00bbUn renseignement ou une demande de devis\u00a0\u00bb txt_align=\u00a0\u00bbcenter\u00a0\u00bb color=\u00a0\u00bbblack\u00a0\u00bb add_button=\u00a0\u00bbbottom\u00a0\u00bb btn_title=\u00a0\u00bbContactez-nous\u00a0\u00bb btn_shape=\u00a0\u00bbsquare\u00a0\u00bb btn_color=\u00a0\u00bbprimary\u00a0\u00bb btn_align=\u00a0\u00bbcenter\u00a0\u00bb btn_css_animation=\u00a0\u00bbtop-to-bottom\u00a0\u00bb css_animation=\u00a0\u00bbtop-to-bottom\u00a0\u00bb btn_custom_onclick=\u00a0\u00bbtrue\u00a0\u00bb btn_link=\u00a0\u00bburl:%2Fcontact%2F|||\u00a0\u00bb][\/vc_cta][vc_empty_space][\/vc_column][\/vc_row]<\/p>\n<\/div>","protected":false},"excerpt":{"rendered":"<p>[vc_row][vc_column][vc_empty_space][\/vc_column][\/vc_row][vc_row equal_height=\u00a0\u00bbyes\u00a0\u00bb css=\u00a0\u00bb.vc_custom_1607781573991{padding-top: 20px !important;padding-bottom: 20px !important;}\u00a0\u00bb][vc_column width=\u00a0\u00bb1\/2&Prime; css=\u00a0\u00bb.vc_custom_1607779927452{padding-top: 20px !important;padding-bottom: 20px !important;}\u00a0\u00bb][vc_column_text] [\/vc_column_text][\/vc_column][vc_column width=\u00a0\u00bb1\/2&Prime;][vc_column_text] Hammam Cr\u00e9ez votre espace de bien-\u00eatre en choisissant le hammam sur mesure qui vous apportera enti\u00e8re satisfaction. Laissez parler votre imagination dans un moment de d\u00e9tente et de relaxation. Jeux de lumi\u00e8re relaxants aux couleurs r\u00e9glables, \u00e9clairage design, ajustement de&hellip;<\/p>\n","protected":false},"author":1,"featured_media":0,"parent":7012,"menu_order":1,"comment_status":"closed","ping_status":"closed","template":"","meta":{"_yoast_wpseo_focuskw":"Hammam","_yoast_wpseo_title":"Hammam, cr\u00e9ez votre propre espace bien-\u00eatre | Astro Piscines","_yoast_wpseo_metadesc":"Envie d'ajouter un espace de d\u00e9tente et de relaxation dans votre maison ? Installez un hammam sur mesure \u00e0 votre go\u00fbt et selon vos besoins.","ngg_post_thumbnail":0,"footnotes":""},"class_list":["post-7287","page","type-page","status-publish","hentry","description-off"],"yoast_head":"<!-- This site is optimized with the Yoast SEO Premium plugin v22.7 (Yoast SEO v27.3) - https:\/\/yoast.com\/product\/yoast-seo-premium-wordpress\/ -->\n<title>Hammam, cr\u00e9ez votre propre espace bien-\u00eatre | Astro Piscines<\/title>\n<meta name=\"description\" content=\"Envie d&#039;ajouter un espace de d\u00e9tente et de relaxation dans votre maison ? Installez un hammam sur mesure \u00e0 votre go\u00fbt et selon vos besoins.\" \/>\n<meta name=\"robots\" content=\"index, follow, max-snippet:-1, max-image-preview:large, max-video-preview:-1\" \/>\n<link rel=\"canonical\" href=\"https:\/\/www.astro-piscines.ch\/fr\/espaces-de-detente\/hammam\/\" \/>\n<meta property=\"og:locale\" content=\"fr_FR\" \/>\n<meta property=\"og:type\" content=\"article\" \/>\n<meta property=\"og:title\" content=\"Hammam\" \/>\n<meta property=\"og:description\" content=\"Envie d&#039;ajouter un espace de d\u00e9tente et de relaxation dans votre maison ? Installez un hammam sur mesure \u00e0 votre go\u00fbt et selon vos besoins.\" \/>\n<meta property=\"og:url\" content=\"https:\/\/www.astro-piscines.ch\/fr\/espaces-de-detente\/hammam\/\" \/>\n<meta property=\"og:site_name\" content=\"Astro Piscines 1974\" \/>\n<meta property=\"article:modified_time\" content=\"2023-10-09T13:12:45+00:00\" \/>\n<meta name=\"twitter:card\" content=\"summary_large_image\" \/>\n<meta name=\"twitter:label1\" content=\"Dur\u00e9e de lecture estim\u00e9e\" \/>\n\t<meta name=\"twitter:data1\" content=\"2 minutes\" \/>\n<script type=\"application\/ld+json\" class=\"yoast-schema-graph\">{\"@context\":\"https:\\\/\\\/schema.org\",\"@graph\":[{\"@type\":\"WebPage\",\"@id\":\"https:\\\/\\\/www.astro-piscines.ch\\\/fr\\\/espaces-de-detente\\\/hammam\\\/\",\"url\":\"https:\\\/\\\/www.astro-piscines.ch\\\/fr\\\/espaces-de-detente\\\/hammam\\\/\",\"name\":\"Hammam, cr\u00e9ez votre propre espace bien-\u00eatre | Astro Piscines\",\"isPartOf\":{\"@id\":\"https:\\\/\\\/www.astro-piscines.ch\\\/fr\\\/#website\"},\"datePublished\":\"2020-12-12T17:21:14+00:00\",\"dateModified\":\"2023-10-09T13:12:45+00:00\",\"description\":\"Envie d'ajouter un espace de d\u00e9tente et de relaxation dans votre maison ? Installez un hammam sur mesure \u00e0 votre go\u00fbt et selon vos besoins.\",\"breadcrumb\":{\"@id\":\"https:\\\/\\\/www.astro-piscines.ch\\\/fr\\\/espaces-de-detente\\\/hammam\\\/#breadcrumb\"},\"inLanguage\":\"fr-FR\",\"potentialAction\":[{\"@type\":\"ReadAction\",\"target\":[\"https:\\\/\\\/www.astro-piscines.ch\\\/fr\\\/espaces-de-detente\\\/hammam\\\/\"]}]},{\"@type\":\"BreadcrumbList\",\"@id\":\"https:\\\/\\\/www.astro-piscines.ch\\\/fr\\\/espaces-de-detente\\\/hammam\\\/#breadcrumb\",\"itemListElement\":[{\"@type\":\"ListItem\",\"position\":1,\"name\":\"Accueil\",\"item\":\"https:\\\/\\\/www.astro-piscines.ch\\\/fr\\\/\"},{\"@type\":\"ListItem\",\"position\":2,\"name\":\"Espaces de d\u00e9tente\",\"item\":\"https:\\\/\\\/www.astro-piscines.ch\\\/fr\\\/espaces-de-detente\\\/\"},{\"@type\":\"ListItem\",\"position\":3,\"name\":\"Hammam\"}]},{\"@type\":\"WebSite\",\"@id\":\"https:\\\/\\\/www.astro-piscines.ch\\\/fr\\\/#website\",\"url\":\"https:\\\/\\\/www.astro-piscines.ch\\\/fr\\\/\",\"name\":\"Astro Piscines 1974\",\"description\":\"\",\"potentialAction\":[{\"@type\":\"SearchAction\",\"target\":{\"@type\":\"EntryPoint\",\"urlTemplate\":\"https:\\\/\\\/www.astro-piscines.ch\\\/fr\\\/?s={search_term_string}\"},\"query-input\":{\"@type\":\"PropertyValueSpecification\",\"valueRequired\":true,\"valueName\":\"search_term_string\"}}],\"inLanguage\":\"fr-FR\"}]}<\/script>\n<!-- \/ Yoast SEO Premium plugin. -->","yoast_head_json":{"title":"Hammam, cr\u00e9ez votre propre espace bien-\u00eatre | Astro Piscines","description":"Envie d'ajouter un espace de d\u00e9tente et de relaxation dans votre maison ? Installez un hammam sur mesure \u00e0 votre go\u00fbt et selon vos besoins.","robots":{"index":"index","follow":"follow","max-snippet":"max-snippet:-1","max-image-preview":"max-image-preview:large","max-video-preview":"max-video-preview:-1"},"canonical":"https:\/\/www.astro-piscines.ch\/fr\/espaces-de-detente\/hammam\/","og_locale":"fr_FR","og_type":"article","og_title":"Hammam","og_description":"Envie d'ajouter un espace de d\u00e9tente et de relaxation dans votre maison ? Installez un hammam sur mesure \u00e0 votre go\u00fbt et selon vos besoins.","og_url":"https:\/\/www.astro-piscines.ch\/fr\/espaces-de-detente\/hammam\/","og_site_name":"Astro Piscines 1974","article_modified_time":"2023-10-09T13:12:45+00:00","twitter_card":"summary_large_image","twitter_misc":{"Dur\u00e9e de lecture estim\u00e9e":"2 minutes"},"schema":{"@context":"https:\/\/schema.org","@graph":[{"@type":"WebPage","@id":"https:\/\/www.astro-piscines.ch\/fr\/espaces-de-detente\/hammam\/","url":"https:\/\/www.astro-piscines.ch\/fr\/espaces-de-detente\/hammam\/","name":"Hammam, cr\u00e9ez votre propre espace bien-\u00eatre | Astro Piscines","isPartOf":{"@id":"https:\/\/www.astro-piscines.ch\/fr\/#website"},"datePublished":"2020-12-12T17:21:14+00:00","dateModified":"2023-10-09T13:12:45+00:00","description":"Envie d'ajouter un espace de d\u00e9tente et de relaxation dans votre maison ? Installez un hammam sur mesure \u00e0 votre go\u00fbt et selon vos besoins.","breadcrumb":{"@id":"https:\/\/www.astro-piscines.ch\/fr\/espaces-de-detente\/hammam\/#breadcrumb"},"inLanguage":"fr-FR","potentialAction":[{"@type":"ReadAction","target":["https:\/\/www.astro-piscines.ch\/fr\/espaces-de-detente\/hammam\/"]}]},{"@type":"BreadcrumbList","@id":"https:\/\/www.astro-piscines.ch\/fr\/espaces-de-detente\/hammam\/#breadcrumb","itemListElement":[{"@type":"ListItem","position":1,"name":"Accueil","item":"https:\/\/www.astro-piscines.ch\/fr\/"},{"@type":"ListItem","position":2,"name":"Espaces de d\u00e9tente","item":"https:\/\/www.astro-piscines.ch\/fr\/espaces-de-detente\/"},{"@type":"ListItem","position":3,"name":"Hammam"}]},{"@type":"WebSite","@id":"https:\/\/www.astro-piscines.ch\/fr\/#website","url":"https:\/\/www.astro-piscines.ch\/fr\/","name":"Astro Piscines 1974","description":"","potentialAction":[{"@type":"SearchAction","target":{"@type":"EntryPoint","urlTemplate":"https:\/\/www.astro-piscines.ch\/fr\/?s={search_term_string}"},"query-input":{"@type":"PropertyValueSpecification","valueRequired":true,"valueName":"search_term_string"}}],"inLanguage":"fr-FR"}]}},"_links":{"self":[{"href":"https:\/\/www.astro-piscines.ch\/fr\/wp-json\/wp\/v2\/pages\/7287","targetHints":{"allow":["GET"]}}],"collection":[{"href":"https:\/\/www.astro-piscines.ch\/fr\/wp-json\/wp\/v2\/pages"}],"about":[{"href":"https:\/\/www.astro-piscines.ch\/fr\/wp-json\/wp\/v2\/types\/page"}],"author":[{"embeddable":true,"href":"https:\/\/www.astro-piscines.ch\/fr\/wp-json\/wp\/v2\/users\/1"}],"replies":[{"embeddable":true,"href":"https:\/\/www.astro-piscines.ch\/fr\/wp-json\/wp\/v2\/comments?post=7287"}],"version-history":[{"count":25,"href":"https:\/\/www.astro-piscines.ch\/fr\/wp-json\/wp\/v2\/pages\/7287\/revisions"}],"predecessor-version":[{"id":16021,"href":"https:\/\/www.astro-piscines.ch\/fr\/wp-json\/wp\/v2\/pages\/7287\/revisions\/16021"}],"up":[{"embeddable":true,"href":"https:\/\/www.astro-piscines.ch\/fr\/wp-json\/wp\/v2\/pages\/7012"}],"wp:attachment":[{"href":"https:\/\/www.astro-piscines.ch\/fr\/wp-json\/wp\/v2\/media?parent=7287"}],"curies":[{"name":"wp","href":"https:\/\/api.w.org\/{rel}","templated":true}]}}