{"id":7310,"date":"2020-12-12T18:34:49","date_gmt":"2020-12-12T17:34:49","guid":{"rendered":"https:\/\/dev2.astro-piscines.ch\/?page_id=7310"},"modified":"2023-07-15T12:40:26","modified_gmt":"2023-07-15T10:40:26","slug":"jacuzzi","status":"publish","type":"page","link":"https:\/\/www.astro-piscines.ch\/fr\/espaces-de-detente\/jacuzzi\/","title":{"rendered":"Jacuzzi"},"content":{"rendered":"<div class=\"wpb-content-wrapper\"><p>[vc_row][vc_column]\n\t\t\t<!-- START JACUZZIHEADER REVOLUTION SLIDER 6.7.38 --><p class=\"rs-p-wp-fix\"><\/p>\n\t\t\t<rs-module-wrap id=\"rev_slider_36_1_wrapper\" data-source=\"gallery\" style=\"visibility:hidden;background:#111111;padding:0;margin:0px auto;margin-top:0;margin-bottom:0;\">\n\t\t\t\t<rs-module id=\"rev_slider_36_1\" style=\"\" data-version=\"6.7.38\">\n\t\t\t\t\t<rs-slides style=\"overflow: hidden; position: absolute;\">\n\t\t\t\t\t\t<rs-slide style=\"position: absolute;\" data-key=\"rs-126\" data-title=\"Slide\" data-in=\"o:0;\" data-out=\"a:false;\">\n\t\t\t\t\t\t\t<img decoding=\"async\" src=\"\/\/www.astro-piscines.ch\/wp-content\/plugins\/revslider\/sr6\/assets\/assets\/dummy.png\" alt=\"\" title=\"Jacuzzi\" width=\"2560\" height=\"1597\" class=\"rev-slidebg tp-rs-img rs-lazyload\" data-lazyload=\"\/\/www.astro-piscines.ch\/wp-content\/uploads\/2015\/12\/exclusive-scaled.jpg\" data-no-retina>\n<!--\n\t\t\t\t\t\t\t--><h1\n\t\t\t\t\t\t\t\tid=\"slider-36-slide-126-layer-0\" \n\t\t\t\t\t\t\t\tclass=\"rs-layer\"\n\t\t\t\t\t\t\t\tdata-type=\"text\"\n\t\t\t\t\t\t\t\tdata-color=\"#fff\"\n\t\t\t\t\t\t\t\tdata-tsh=\"h:5px,5px,5px,1px;v:5px,5px,5px,1px;b:10px,10px,10px,3px;\"\n\t\t\t\t\t\t\t\tdata-rsp_ch=\"on\"\n\t\t\t\t\t\t\t\tdata-xy=\"x:c;y:t,t,t,m;yo:192px,192px,192px,0;\"\n\t\t\t\t\t\t\t\tdata-text=\"w:normal;s:60,60,60,40;l:70,70,70,48;ls:-1,-1,-1,0;a:center;\"\n\t\t\t\t\t\t\t\tdata-dim=\"minh:0px,0px,0px,none;\"\n\t\t\t\t\t\t\t\tdata-frame_0=\"x:0,0,0,0px;y:0,0,0,0px;\"\n\t\t\t\t\t\t\t\tdata-frame_1=\"x:0,0,0,0px;y:0,0,0,0px;\"\n\t\t\t\t\t\t\t\tdata-frame_999=\"o:0;st:w;\"\n\t\t\t\t\t\t\t\tstyle=\"z-index:6;font-family:'Lato';text-transform:uppercase;\"\n\t\t\t\t\t\t\t>JACUZZI \n\t\t\t\t\t\t\t<\/h1><!--\n\n\t\t\t\t\t\t\t--><rs-layer\n\t\t\t\t\t\t\t\tid=\"slider-36-slide-126-layer-13\" \n\t\t\t\t\t\t\t\tclass=\"astro-btn-2 rev-btn\"\n\t\t\t\t\t\t\t\tdata-type=\"button\"\n\t\t\t\t\t\t\t\tdata-color=\"rgba(255,255,255,1)\"\n\t\t\t\t\t\t\t\tdata-xy=\"x:c;y:m;yo:48px,48px,48px,95px;\"\n\t\t\t\t\t\t\t\tdata-text=\"s:14;l:14;fw:700;a:center;\"\n\t\t\t\t\t\t\t\tdata-rsp_bd=\"off\"\n\t\t\t\t\t\t\t\tdata-padding=\"t:18;r:45;b:18;l:45;\"\n\t\t\t\t\t\t\t\tdata-frame_0=\"y:-50px;\"\n\t\t\t\t\t\t\t\tdata-frame_1=\"e:power4.inOut;st:700;sp:1000;\"\n\t\t\t\t\t\t\t\tdata-frame_999=\"y:-50px;o:0;e:nothing;st:w;sp:1000;\"\n\t\t\t\t\t\t\t\tdata-frame_hover=\"bgc:#0b74e3;boc:#000;bor:0px,0px,0px,0px;bos:solid;oX:50;oY:50;sp:0;e:none;\"\n\t\t\t\t\t\t\t\tstyle=\"z-index:5;background-color:#0ba1e2;font-family:'Lato';text-transform:uppercase;cursor:pointer;outline:none;box-shadow:none;box-sizing:border-box;-moz-box-sizing:border-box;-webkit-box-sizing:border-box;\"\n\t\t\t\t\t\t\t>DEMANDER UN DEVIS \n\t\t\t\t\t\t\t<\/rs-layer><!--\n-->\t\t\t\t\t<\/rs-slide>\n\t\t\t\t\t<\/rs-slides>\n\t\t\t\t<\/rs-module>\n\t\t\t\t<script>\n\t\t\t\t\tsetREVStartSize({c: 'rev_slider_36_1',rl:[1240,1240,1240,480],el:[507,507,507,405],gw:[1600,1600,1600,720],gh:[507,507,507,405],type:'standard',justify:'',layout:'fullwidth',mh:\"0\"});if (window.RS_MODULES!==undefined && window.RS_MODULES.modules!==undefined && window.RS_MODULES.modules[\"revslider361\"]!==undefined) {window.RS_MODULES.modules[\"revslider361\"].once = false;window.revapi36 = undefined;if (window.RS_MODULES.checkMinimal!==undefined) window.RS_MODULES.checkMinimal()}\n\t\t\t\t<\/script>\n\t\t\t<\/rs-module-wrap>\n\t\t\t<!-- END REVOLUTION SLIDER -->\n[vc_empty_space][\/vc_column][\/vc_row][vc_row equal_height=\u00a0\u00bbyes\u00a0\u00bb css=\u00a0\u00bb.vc_custom_1607781573991{padding-top: 20px !important;padding-bottom: 20px !important;}\u00a0\u00bb][vc_column width=\u00a0\u00bb1\/2&Prime; css=\u00a0\u00bb.vc_custom_1607779927452{padding-top: 20px !important;padding-bottom: 20px !important;}\u00a0\u00bb][vc_column_text]<\/p>\n<p>ngg_shortcode_0_placeholder[\/vc_column_text][\/vc_column][vc_column width=\u00a0\u00bb1\/2&Prime;][vc_column_text]<\/p>\n<div class=\"b-titre\">\n<h2 style=\"text-align: left;\">Jacuzzi classique<\/h2>\n<p style=\"text-align: justify;\">Afin de vous ressourcer en toute s\u00e9r\u00e9nit\u00e9 et r\u00e9veiller vos sens, nous vous proposons diff\u00e9rentes gammes de spas \/ jacuzzis traditionnels qui correspondront \u00e0 vos attentes. Principale source de sant\u00e9 et de bien-\u00eatre, ce bassin d\u2019eau chaude vous aidera \u00e0 la relaxation. Il est \u00e9quip\u00e9 de buses qui envoient de l\u2019eau sous pression m\u00eal\u00e9e d\u2019air, effectuant ainsi un massage de tout le corps.<\/p>\n<\/div>\n<p>[\/vc_column_text][\/vc_column][\/vc_row][vc_row equal_height=\u00a0\u00bbyes\u00a0\u00bb][vc_column width=\u00a0\u00bb1\/2&Prime; css=\u00a0\u00bb.vc_custom_1607783750136{padding-top: 20px !important;padding-bottom: 20px !important;}\u00a0\u00bb][vc_column_text]<\/p>\n<div class=\"b-titre\">\n<h2 style=\"text-align: right;\">Jacuzzi design<\/h2>\n<p style=\"text-align: justify;\">La gamme exclusive d\u2019Aquavia Spa est con\u00e7ue pour procurer un maximum de plaisir, avec un rendement et une efficacit\u00e9 \u00e9nerg\u00e9tique optimale. Dot\u00e9s d\u2019un design unique, les spas Exclusive disposent de prestations avanc\u00e9es. Des spas totalement \u00e9quip\u00e9s et con\u00e7us pour le client le plus exigeant.<\/p>\n<\/div>\n<p>[\/vc_column_text][\/vc_column][vc_column width=\u00a0\u00bb1\/2&Prime; css=\u00a0\u00bb.vc_custom_1607781586004{padding-top: 20px !important;padding-bottom: 20px !important;}\u00a0\u00bb][vc_column_text]<\/p>\n<p>ngg_shortcode_1_placeholder[\/vc_column_text][\/vc_column][\/vc_row][vc_row equal_height=\u00a0\u00bbyes\u00a0\u00bb][vc_column width=\u00a0\u00bb1\/2&Prime; css=\u00a0\u00bb.vc_custom_1607783827968{padding-top: 20px !important;padding-bottom: 20px !important;}\u00a0\u00bb][vc_column_text]<\/p>\n<p>ngg_shortcode_2_placeholder[\/vc_column_text][\/vc_column][vc_column width=\u00a0\u00bb1\/2&Prime; css=\u00a0\u00bb.vc_custom_1607781586004{padding-top: 20px !important;padding-bottom: 20px !important;}\u00a0\u00bb][vc_column_text css=\u00a0\u00bb.vc_custom_1689417467460{padding-top: 20px !important;padding-bottom: 20px !important;}\u00a0\u00bb]<\/p>\n<div class=\"b-titre\">\n<h2 style=\"text-align: left;\">Spa de nage<\/h2>\n<p style=\"text-align: justify;\">Vous recherchez les bienfaits d\u2019une piscine et l\u2019hydroth\u00e9rapie d\u2019un spa classique&nbsp;? Le spa de nage est la solution parfaite pour vous. Il est dot\u00e9 d\u2019un syst\u00e8me de nage \u00e0 contre-courant g\u00e9n\u00e9r\u00e9 par des buses produisant un jet \u00e0 haute pression et il poss\u00e8de \u00e9galement un espace de relaxation avec ses jets massants. B\u00e9n\u00e9ficiez des bienfaits de votre spa de nage tout au long de l\u2019ann\u00e9e, en toute saison gr\u00e2ce \u00e0 sa temp\u00e9rature r\u00e9glable&nbsp;!<\/p>\n<\/div>\n<p>[\/vc_column_text][\/vc_column][\/vc_row][vc_row equal_height=\u00a0\u00bbyes\u00a0\u00bb][vc_column width=\u00a0\u00bb1\/2&Prime; css=\u00a0\u00bb.vc_custom_1607783827968{padding-top: 20px !important;padding-bottom: 20px !important;}\u00a0\u00bb][vc_column_text css=\u00a0\u00bb.vc_custom_1689417480105{padding-top: 20px !important;padding-bottom: 20px !important;}\u00a0\u00bb]<\/p>\n<div class=\"b-titre\">\n<h2 style=\"text-align: right;\">Jacuzzi \u00e0 d\u00e9bordement<\/h2>\n<p style=\"text-align: justify;\">Installer&nbsp;un jacuzzi \/ spa avec un syst\u00e8me \u00e0 d\u00e9bordement a comme avantage&nbsp;de maintenir un niveau et un flux d\u2019eau constant. L\u2019eau s\u2019\u00e9coule par-dessus le bord bomb\u00e9 dans la goutti\u00e8re de trop-plein. Elle vous permettra de pr\u00e9server l\u2019hygi\u00e8ne parfaite de votre eau et \u00e9liminera toutes les impuret\u00e9s qui se d\u00e9poseraient \u00e0 la surface du bassin. Le spa \u00e0 d\u00e9bordement est design et tr\u00e8s \u00e9l\u00e9gant. Il s\u2019adapte \u00e9galement \u00e0 un usage public. Il dispose des nouvelles technologies les plus modernes, notamment en disposant de jets d\u2019hydro massage.<\/p>\n<\/div>\n<p>[\/vc_column_text][\/vc_column][vc_column width=\u00a0\u00bb1\/2&Prime; css=\u00a0\u00bb.vc_custom_1607781586004{padding-top: 20px !important;padding-bottom: 20px !important;}\u00a0\u00bb][vc_column_text]<\/p>\n<p>ngg_shortcode_3_placeholder[\/vc_column_text][\/vc_column][\/vc_row][vc_row equal_height=\u00a0\u00bbyes\u00a0\u00bb][vc_column width=\u00a0\u00bb1\/2&Prime; css=\u00a0\u00bb.vc_custom_1607783827968{padding-top: 20px !important;padding-bottom: 20px !important;}\u00a0\u00bb][vc_column_text]<\/p>\n<p>ngg_shortcode_4_placeholder[\/vc_column_text][\/vc_column][vc_column width=\u00a0\u00bb1\/2&Prime; css=\u00a0\u00bb.vc_custom_1607781586004{padding-top: 20px !important;padding-bottom: 20px !important;}\u00a0\u00bb][vc_column_text css=\u00a0\u00bb.vc_custom_1689417491536{padding-top: 20px !important;padding-bottom: 20px !important;}\u00a0\u00bb]<\/p>\n<div class=\"b-titre\">\n<h2 style=\"text-align: left;\">Jacuzzi sur mesure<\/h2>\n<p style=\"text-align: justify;\">Selon vos besoins, nous pouvons cr\u00e9er votre spa enti\u00e8rement sur mesure. Pour chaque spa, vous pourrez choisir l\u2019habillage et diff\u00e9rentes autres options. Les spas ont des designs vari\u00e9s, afin que chacun en trouve un selon ses go\u00fbts, en sorte qu\u2019il s\u2019int\u00e8gre parfaitement \u00e0 votre environnement et \u00e0 votre budget. Vous pouvez choisir \u00e9galement le nombre de places qu\u2019il vous faut. Profitez de chaque instant privil\u00e9gi\u00e9 au quotidien, chez vous, pour d\u00e9couvrir tous les bienfaits de l\u2019hydroth\u00e9rapie que procure les spas.<\/p>\n<\/div>\n<p>[\/vc_column_text][\/vc_column][\/vc_row][vc_row equal_height=\u00a0\u00bbyes\u00a0\u00bb][vc_column width=\u00a0\u00bb1\/2&Prime; css=\u00a0\u00bb.vc_custom_1607783827968{padding-top: 20px !important;padding-bottom: 20px !important;}\u00a0\u00bb][vc_video link=\u00a0\u00bbhttps:\/\/www.youtube.com\/watch?v=isDgzL4eanc\u00a0\u00bb align=\u00a0\u00bbcenter\u00a0\u00bb][\/vc_column][vc_column width=\u00a0\u00bb1\/2&Prime; css=\u00a0\u00bb.vc_custom_1607781586004{padding-top: 20px !important;padding-bottom: 20px !important;}\u00a0\u00bb][vc_column_text css=\u00a0\u00bb.vc_custom_1689417501734{padding-top: 20px !important;padding-bottom: 20px !important;}\u00a0\u00bb]<\/p>\n<div class=\"b-titre\">\n<h2 style=\"text-align: left;\">D\u00e9couvrez la gamme de spas Aqualife de chez Aquavia<\/h2>\n<\/div>\n<p>[\/vc_column_text][\/vc_column][\/vc_row][vc_row equal_height=\u00a0\u00bbyes\u00a0\u00bb][vc_column width=\u00a0\u00bb1\/2&Prime; css=\u00a0\u00bb.vc_custom_1607783827968{padding-top: 20px !important;padding-bottom: 20px !important;}\u00a0\u00bb][vc_column_text css=\u00a0\u00bb.vc_custom_1689417513498{padding-top: 20px !important;padding-bottom: 20px !important;}\u00a0\u00bb]<\/p>\n<div class=\"b-titre\">\n<h2 style=\"text-align: right;\">Exemples d\u2019exercices de fitness \u00e0 faire dans votre spa de nage<\/h2>\n<\/div>\n<p>[\/vc_column_text][\/vc_column][vc_column width=\u00a0\u00bb1\/2&Prime; css=\u00a0\u00bb.vc_custom_1607781586004{padding-top: 20px !important;padding-bottom: 20px !important;}\u00a0\u00bb][vc_video link=\u00a0\u00bbhttps:\/\/www.youtube.com\/watch?v=6gbgDRQQRHs\u00a0\u00bb align=\u00a0\u00bbcenter\u00a0\u00bb][\/vc_column][\/vc_row][vc_row][vc_column][vc_cta h2=\u00a0\u00bbAchetez tous les produits pour votre jacuzzi sur notre boutique en ligne\u00a0\u00bb txt_align=\u00a0\u00bbcenter\u00a0\u00bb add_button=\u00a0\u00bbbottom\u00a0\u00bb btn_title=\u00a0\u00bbAcheter\u00a0\u00bb btn_shape=\u00a0\u00bbsquare\u00a0\u00bb btn_color=\u00a0\u00bbprimary\u00a0\u00bb btn_align=\u00a0\u00bbcenter\u00a0\u00bb btn_i_icon_fontawesome=\u00a0\u00bbfas fa-shopping-cart\u00a0\u00bb btn_css_animation=\u00a0\u00bbtop-to-bottom\u00a0\u00bb css_animation=\u00a0\u00bbtop-to-bottom\u00a0\u00bb btn_add_icon=\u00a0\u00bbtrue\u00a0\u00bb btn_custom_onclick=\u00a0\u00bbtrue\u00a0\u00bb btn_link=\u00a0\u00bburl:%2Fshop%2F53-produits-pour-spa|||\u00a0\u00bb]<\/p>\n<p style=\"text-align: center;\"><span style=\"font-size: 14pt;\">D\u00e9couvrez notre large gamme de produits Mareva, SpaTime et HTH pour entretenir votre jacuzzi : brome, oxyg\u00e8ne actif, anti-mousse, nettoyant canalisations, etc\u2026&nbsp; <\/span><br \/>\n<span style=\"font-size: 14pt;\">et nos parfums Camylle et Hydropool sp\u00e9cialement con\u00e7us pour ne pas encrasser votre spa et vous faire passer un moment des plus agr\u00e9ables :<\/span><\/p>\n<p>[\/vc_cta][vc_empty_space][\/vc_column][\/vc_row][vc_row content_placement=\u00a0\u00bbmiddle\u00a0\u00bb][vc_column][vc_cta h2=\u00a0\u00bb\u00a0\u00bb h4=\u00a0\u00bbUn renseignement ou une demande de devis\u00a0\u00bb txt_align=\u00a0\u00bbcenter\u00a0\u00bb color=\u00a0\u00bbblack\u00a0\u00bb add_button=\u00a0\u00bbbottom\u00a0\u00bb btn_title=\u00a0\u00bbContactez-nous\u00a0\u00bb btn_shape=\u00a0\u00bbsquare\u00a0\u00bb btn_color=\u00a0\u00bbprimary\u00a0\u00bb btn_align=\u00a0\u00bbcenter\u00a0\u00bb btn_css_animation=\u00a0\u00bbtop-to-bottom\u00a0\u00bb css_animation=\u00a0\u00bbtop-to-bottom\u00a0\u00bb btn_custom_onclick=\u00a0\u00bbtrue\u00a0\u00bb btn_link=\u00a0\u00bburl:%2Fcontact%2F|||\u00a0\u00bb][\/vc_cta][vc_empty_space][\/vc_column][\/vc_row]<\/p>\n<\/div>","protected":false},"excerpt":{"rendered":"<p>[vc_row][vc_column][vc_empty_space][\/vc_column][\/vc_row][vc_row equal_height=\u00a0\u00bbyes\u00a0\u00bb css=\u00a0\u00bb.vc_custom_1607781573991{padding-top: 20px !important;padding-bottom: 20px !important;}\u00a0\u00bb][vc_column width=\u00a0\u00bb1\/2&Prime; css=\u00a0\u00bb.vc_custom_1607779927452{padding-top: 20px !important;padding-bottom: 20px !important;}\u00a0\u00bb][vc_column_text] [\/vc_column_text][\/vc_column][vc_column width=\u00a0\u00bb1\/2&Prime;][vc_column_text] Jacuzzi classique Afin de vous ressourcer en toute s\u00e9r\u00e9nit\u00e9 et r\u00e9veiller vos sens, nous vous proposons diff\u00e9rentes gammes de spas \/ jacuzzis traditionnels qui correspondront \u00e0 vos attentes. Principale source de sant\u00e9 et de bien-\u00eatre, ce bassin d\u2019eau chaude vous&hellip;<\/p>\n","protected":false},"author":1,"featured_media":0,"parent":7012,"menu_order":1,"comment_status":"closed","ping_status":"closed","template":"","meta":{"_yoast_wpseo_focuskw":"Jacuzzi","_yoast_wpseo_title":"Jacuzzi, des mod\u00e8les luxueux et haut de gamme | Astro Piscines","_yoast_wpseo_metadesc":"Besoin de vous ressourcer ? D\u00e9couvrez nos diff\u00e9rents mod\u00e8les de spa : classique, design, de nage, \u00e0 d\u00e9bordement ou sur mesure. Il y en a pour tous les go\u00fbts.","ngg_post_thumbnail":0,"footnotes":""},"class_list":["post-7310","page","type-page","status-publish","hentry","description-off"],"yoast_head":"<!-- This site is optimized with the Yoast SEO Premium plugin v22.7 (Yoast SEO v27.4) - https:\/\/yoast.com\/product\/yoast-seo-premium-wordpress\/ -->\n<title>Jacuzzi, des mod\u00e8les luxueux et haut de gamme | Astro Piscines<\/title>\n<meta name=\"description\" content=\"Besoin de vous ressourcer ? D\u00e9couvrez nos diff\u00e9rents mod\u00e8les de spa : classique, design, de nage, \u00e0 d\u00e9bordement ou sur mesure. Il y en a pour tous les go\u00fbts.\" \/>\n<meta name=\"robots\" content=\"index, follow, max-snippet:-1, max-image-preview:large, max-video-preview:-1\" \/>\n<link rel=\"canonical\" href=\"https:\/\/www.astro-piscines.ch\/fr\/espaces-de-detente\/jacuzzi\/\" \/>\n<meta property=\"og:locale\" content=\"fr_FR\" \/>\n<meta property=\"og:type\" content=\"article\" \/>\n<meta property=\"og:title\" content=\"Jacuzzi\" \/>\n<meta property=\"og:description\" content=\"Besoin de vous ressourcer ? D\u00e9couvrez nos diff\u00e9rents mod\u00e8les de spa : classique, design, de nage, \u00e0 d\u00e9bordement ou sur mesure. Il y en a pour tous les go\u00fbts.\" \/>\n<meta property=\"og:url\" content=\"https:\/\/www.astro-piscines.ch\/fr\/espaces-de-detente\/jacuzzi\/\" \/>\n<meta property=\"og:site_name\" content=\"Astro Piscines 1974\" \/>\n<meta property=\"article:modified_time\" content=\"2023-07-15T10:40:26+00:00\" \/>\n<meta name=\"twitter:card\" content=\"summary_large_image\" \/>\n<meta name=\"twitter:label1\" content=\"Dur\u00e9e de lecture estim\u00e9e\" \/>\n\t<meta name=\"twitter:data1\" content=\"4 minutes\" \/>\n<script type=\"application\/ld+json\" class=\"yoast-schema-graph\">{\"@context\":\"https:\\\/\\\/schema.org\",\"@graph\":[{\"@type\":\"WebPage\",\"@id\":\"https:\\\/\\\/www.astro-piscines.ch\\\/fr\\\/espaces-de-detente\\\/jacuzzi\\\/\",\"url\":\"https:\\\/\\\/www.astro-piscines.ch\\\/fr\\\/espaces-de-detente\\\/jacuzzi\\\/\",\"name\":\"Jacuzzi, des mod\u00e8les luxueux et haut de gamme | Astro Piscines\",\"isPartOf\":{\"@id\":\"https:\\\/\\\/www.astro-piscines.ch\\\/fr\\\/#website\"},\"datePublished\":\"2020-12-12T17:34:49+00:00\",\"dateModified\":\"2023-07-15T10:40:26+00:00\",\"description\":\"Besoin de vous ressourcer ? D\u00e9couvrez nos diff\u00e9rents mod\u00e8les de spa : classique, design, de nage, \u00e0 d\u00e9bordement ou sur mesure. Il y en a pour tous les go\u00fbts.\",\"breadcrumb\":{\"@id\":\"https:\\\/\\\/www.astro-piscines.ch\\\/fr\\\/espaces-de-detente\\\/jacuzzi\\\/#breadcrumb\"},\"inLanguage\":\"fr-FR\",\"potentialAction\":[{\"@type\":\"ReadAction\",\"target\":[\"https:\\\/\\\/www.astro-piscines.ch\\\/fr\\\/espaces-de-detente\\\/jacuzzi\\\/\"]}]},{\"@type\":\"BreadcrumbList\",\"@id\":\"https:\\\/\\\/www.astro-piscines.ch\\\/fr\\\/espaces-de-detente\\\/jacuzzi\\\/#breadcrumb\",\"itemListElement\":[{\"@type\":\"ListItem\",\"position\":1,\"name\":\"Accueil\",\"item\":\"https:\\\/\\\/www.astro-piscines.ch\\\/fr\\\/accueil-v2\\\/\"},{\"@type\":\"ListItem\",\"position\":2,\"name\":\"Espaces de d\u00e9tente\",\"item\":\"https:\\\/\\\/www.astro-piscines.ch\\\/fr\\\/espaces-de-detente\\\/\"},{\"@type\":\"ListItem\",\"position\":3,\"name\":\"Jacuzzi\"}]},{\"@type\":\"WebSite\",\"@id\":\"https:\\\/\\\/www.astro-piscines.ch\\\/fr\\\/#website\",\"url\":\"https:\\\/\\\/www.astro-piscines.ch\\\/fr\\\/\",\"name\":\"Astro Piscines 1974\",\"description\":\"\",\"potentialAction\":[{\"@type\":\"SearchAction\",\"target\":{\"@type\":\"EntryPoint\",\"urlTemplate\":\"https:\\\/\\\/www.astro-piscines.ch\\\/fr\\\/?s={search_term_string}\"},\"query-input\":{\"@type\":\"PropertyValueSpecification\",\"valueRequired\":true,\"valueName\":\"search_term_string\"}}],\"inLanguage\":\"fr-FR\"}]}<\/script>\n<!-- \/ Yoast SEO Premium plugin. -->","yoast_head_json":{"title":"Jacuzzi, des mod\u00e8les luxueux et haut de gamme | Astro Piscines","description":"Besoin de vous ressourcer ? D\u00e9couvrez nos diff\u00e9rents mod\u00e8les de spa : classique, design, de nage, \u00e0 d\u00e9bordement ou sur mesure. Il y en a pour tous les go\u00fbts.","robots":{"index":"index","follow":"follow","max-snippet":"max-snippet:-1","max-image-preview":"max-image-preview:large","max-video-preview":"max-video-preview:-1"},"canonical":"https:\/\/www.astro-piscines.ch\/fr\/espaces-de-detente\/jacuzzi\/","og_locale":"fr_FR","og_type":"article","og_title":"Jacuzzi","og_description":"Besoin de vous ressourcer ? D\u00e9couvrez nos diff\u00e9rents mod\u00e8les de spa : classique, design, de nage, \u00e0 d\u00e9bordement ou sur mesure. Il y en a pour tous les go\u00fbts.","og_url":"https:\/\/www.astro-piscines.ch\/fr\/espaces-de-detente\/jacuzzi\/","og_site_name":"Astro Piscines 1974","article_modified_time":"2023-07-15T10:40:26+00:00","twitter_card":"summary_large_image","twitter_misc":{"Dur\u00e9e de lecture estim\u00e9e":"4 minutes"},"schema":{"@context":"https:\/\/schema.org","@graph":[{"@type":"WebPage","@id":"https:\/\/www.astro-piscines.ch\/fr\/espaces-de-detente\/jacuzzi\/","url":"https:\/\/www.astro-piscines.ch\/fr\/espaces-de-detente\/jacuzzi\/","name":"Jacuzzi, des mod\u00e8les luxueux et haut de gamme | Astro Piscines","isPartOf":{"@id":"https:\/\/www.astro-piscines.ch\/fr\/#website"},"datePublished":"2020-12-12T17:34:49+00:00","dateModified":"2023-07-15T10:40:26+00:00","description":"Besoin de vous ressourcer ? D\u00e9couvrez nos diff\u00e9rents mod\u00e8les de spa : classique, design, de nage, \u00e0 d\u00e9bordement ou sur mesure. Il y en a pour tous les go\u00fbts.","breadcrumb":{"@id":"https:\/\/www.astro-piscines.ch\/fr\/espaces-de-detente\/jacuzzi\/#breadcrumb"},"inLanguage":"fr-FR","potentialAction":[{"@type":"ReadAction","target":["https:\/\/www.astro-piscines.ch\/fr\/espaces-de-detente\/jacuzzi\/"]}]},{"@type":"BreadcrumbList","@id":"https:\/\/www.astro-piscines.ch\/fr\/espaces-de-detente\/jacuzzi\/#breadcrumb","itemListElement":[{"@type":"ListItem","position":1,"name":"Accueil","item":"https:\/\/www.astro-piscines.ch\/fr\/accueil-v2\/"},{"@type":"ListItem","position":2,"name":"Espaces de d\u00e9tente","item":"https:\/\/www.astro-piscines.ch\/fr\/espaces-de-detente\/"},{"@type":"ListItem","position":3,"name":"Jacuzzi"}]},{"@type":"WebSite","@id":"https:\/\/www.astro-piscines.ch\/fr\/#website","url":"https:\/\/www.astro-piscines.ch\/fr\/","name":"Astro Piscines 1974","description":"","potentialAction":[{"@type":"SearchAction","target":{"@type":"EntryPoint","urlTemplate":"https:\/\/www.astro-piscines.ch\/fr\/?s={search_term_string}"},"query-input":{"@type":"PropertyValueSpecification","valueRequired":true,"valueName":"search_term_string"}}],"inLanguage":"fr-FR"}]}},"_links":{"self":[{"href":"https:\/\/www.astro-piscines.ch\/fr\/wp-json\/wp\/v2\/pages\/7310","targetHints":{"allow":["GET"]}}],"collection":[{"href":"https:\/\/www.astro-piscines.ch\/fr\/wp-json\/wp\/v2\/pages"}],"about":[{"href":"https:\/\/www.astro-piscines.ch\/fr\/wp-json\/wp\/v2\/types\/page"}],"author":[{"embeddable":true,"href":"https:\/\/www.astro-piscines.ch\/fr\/wp-json\/wp\/v2\/users\/1"}],"replies":[{"embeddable":true,"href":"https:\/\/www.astro-piscines.ch\/fr\/wp-json\/wp\/v2\/comments?post=7310"}],"version-history":[{"count":3,"href":"https:\/\/www.astro-piscines.ch\/fr\/wp-json\/wp\/v2\/pages\/7310\/revisions"}],"predecessor-version":[{"id":15383,"href":"https:\/\/www.astro-piscines.ch\/fr\/wp-json\/wp\/v2\/pages\/7310\/revisions\/15383"}],"up":[{"embeddable":true,"href":"https:\/\/www.astro-piscines.ch\/fr\/wp-json\/wp\/v2\/pages\/7012"}],"wp:attachment":[{"href":"https:\/\/www.astro-piscines.ch\/fr\/wp-json\/wp\/v2\/media?parent=7310"}],"curies":[{"name":"wp","href":"https:\/\/api.w.org\/{rel}","templated":true}]}}