{"id":7536,"date":"2020-12-13T16:26:42","date_gmt":"2020-12-13T15:26:42","guid":{"rendered":"https:\/\/dev2.astro-piscines.ch\/?page_id=7536"},"modified":"2023-11-16T14:18:25","modified_gmt":"2023-11-16T13:18:25","slug":"piscine-miroir","status":"publish","type":"page","link":"https:\/\/www.astro-piscines.ch\/fr\/construction-de-piscine\/piscine-beton\/piscine-miroir\/","title":{"rendered":"Piscine miroir"},"content":{"rendered":"<div class=\"wpb-content-wrapper\"><p>[vc_row][vc_column]\n\t\t\t<!-- START MIROIR REVOLUTION SLIDER 6.7.38 --><p class=\"rs-p-wp-fix\"><\/p>\n\t\t\t<rs-module-wrap id=\"rev_slider_25_1_wrapper\" data-source=\"gallery\" style=\"visibility:hidden;background:#111111;padding:0;margin:0px auto;margin-top:0;margin-bottom:0;\">\n\t\t\t\t<rs-module id=\"rev_slider_25_1\" style=\"\" data-version=\"6.7.38\">\n\t\t\t\t\t<rs-slides style=\"overflow: hidden; position: absolute;\">\n\t\t\t\t\t\t<rs-slide style=\"position: absolute;\" data-key=\"rs-115\" data-title=\"Slide\" data-in=\"o:0;\" data-out=\"a:false;\">\n\t\t\t\t\t\t\t<img decoding=\"async\" src=\"\/\/www.astro-piscines.ch\/wp-content\/plugins\/revslider\/sr6\/assets\/assets\/dummy.png\" alt=\"\" title=\"piscines-mirroir-bg\" width=\"2200\" height=\"647\" class=\"rev-slidebg tp-rs-img rs-lazyload\" data-lazyload=\"\/\/www.astro-piscines.ch\/wp-content\/uploads\/2020\/12\/piscines-mirroir-bg.jpg\" data-no-retina>\n<!--\n\t\t\t\t\t\t\t--><h1\n\t\t\t\t\t\t\t\tid=\"slider-25-slide-115-layer-0\" \n\t\t\t\t\t\t\t\tclass=\"rs-layer\"\n\t\t\t\t\t\t\t\tdata-type=\"text\"\n\t\t\t\t\t\t\t\tdata-color=\"#fff\"\n\t\t\t\t\t\t\t\tdata-tsh=\"h:5px,5px,5px,1px;v:5px,5px,5px,1px;b:10px,10px,10px,3px;\"\n\t\t\t\t\t\t\t\tdata-rsp_ch=\"on\"\n\t\t\t\t\t\t\t\tdata-xy=\"x:c;y:t,t,t,m;yo:192px,192px,192px,0;\"\n\t\t\t\t\t\t\t\tdata-text=\"w:normal;s:60,60,60,40;l:70,70,70,48;ls:-1,-1,-1,0;a:center;\"\n\t\t\t\t\t\t\t\tdata-dim=\"minh:0px,0px,0px,none;\"\n\t\t\t\t\t\t\t\tdata-frame_0=\"x:0,0,0,0px;y:0,0,0,0px;\"\n\t\t\t\t\t\t\t\tdata-frame_1=\"x:0,0,0,0px;y:0,0,0,0px;\"\n\t\t\t\t\t\t\t\tdata-frame_999=\"o:0;st:w;\"\n\t\t\t\t\t\t\t\tstyle=\"z-index:6;font-family:'Lato';text-transform:uppercase;\"\n\t\t\t\t\t\t\t>PISCINE MIROIR \n\t\t\t\t\t\t\t<\/h1><!--\n\n\t\t\t\t\t\t\t--><rs-layer\n\t\t\t\t\t\t\t\tid=\"slider-25-slide-115-layer-13\" \n\t\t\t\t\t\t\t\tclass=\"astro-btn-2 rev-btn\"\n\t\t\t\t\t\t\t\tdata-type=\"button\"\n\t\t\t\t\t\t\t\tdata-color=\"rgba(255,255,255,1)\"\n\t\t\t\t\t\t\t\tdata-xy=\"x:c;y:m;yo:48px,48px,48px,95px;\"\n\t\t\t\t\t\t\t\tdata-text=\"s:14;l:14;fw:700;a:center;\"\n\t\t\t\t\t\t\t\tdata-rsp_bd=\"off\"\n\t\t\t\t\t\t\t\tdata-padding=\"t:18;r:45;b:18;l:45;\"\n\t\t\t\t\t\t\t\tdata-frame_0=\"y:-50px;\"\n\t\t\t\t\t\t\t\tdata-frame_1=\"e:power4.inOut;st:700;sp:1000;\"\n\t\t\t\t\t\t\t\tdata-frame_999=\"y:-50px;o:0;e:nothing;st:w;sp:1000;\"\n\t\t\t\t\t\t\t\tdata-frame_hover=\"bgc:#0b74e3;boc:#000;bor:0px,0px,0px,0px;bos:solid;oX:50;oY:50;sp:0;e:none;\"\n\t\t\t\t\t\t\t\tstyle=\"z-index:5;background-color:#0ba1e2;font-family:'Lato';text-transform:uppercase;cursor:pointer;outline:none;box-shadow:none;box-sizing:border-box;-moz-box-sizing:border-box;-webkit-box-sizing:border-box;\"\n\t\t\t\t\t\t\t>DEMANDER UN DEVIS \n\t\t\t\t\t\t\t<\/rs-layer><!--\n-->\t\t\t\t\t<\/rs-slide>\n\t\t\t\t\t<\/rs-slides>\n\t\t\t\t<\/rs-module>\n\t\t\t\t<script>\n\t\t\t\t\tsetREVStartSize({c: 'rev_slider_25_1',rl:[1240,1240,1240,480],el:[507,507,507,405],gw:[1600,1600,1600,720],gh:[507,507,507,405],type:'standard',justify:'',layout:'fullwidth',mh:\"0\"});if (window.RS_MODULES!==undefined && window.RS_MODULES.modules!==undefined && window.RS_MODULES.modules[\"revslider251\"]!==undefined) {window.RS_MODULES.modules[\"revslider251\"].once = false;window.revapi25 = undefined;if (window.RS_MODULES.checkMinimal!==undefined) window.RS_MODULES.checkMinimal()}\n\t\t\t\t<\/script>\n\t\t\t<\/rs-module-wrap>\n\t\t\t<!-- END REVOLUTION SLIDER -->\n[vc_empty_space][\/vc_column][\/vc_row][vc_row equal_height=\u00a0\u00bbyes\u00a0\u00bb css=\u00a0\u00bb.vc_custom_1607781573991{padding-top: 20px !important;padding-bottom: 20px !important;}\u00a0\u00bb][vc_column width=\u00a0\u00bb5\/12&Prime; css=\u00a0\u00bb.vc_custom_1607872360559{padding-top: 20px !important;padding-bottom: 20px !important;}\u00a0\u00bb][vc_column_text]<\/p>\n<p>ngg_shortcode_0_placeholder[\/vc_column_text][\/vc_column][vc_column width=\u00a0\u00bb5\/12&Prime;][vc_column_text css=\u00a0\u00bb.vc_custom_1689348701071{padding-right: 10px !important;}\u00a0\u00bb]<\/p>\n<div class=\"b-titre\">\n<h2 style=\"text-align: left;\"><span class=\"b-subtitle\">Piscines b\u00e9ton miroir<\/span><\/h2>\n<\/div>\n<div class=\"txt-gallerie\">\n<p style=\"text-align: justify;\">Avec une piscine miroir, l\u2019eau va s\u2019\u00e9couler sur les quatre c\u00f4t\u00e9s de la piscine, afin de prolonger la perspective dans toutes les directions et offrir une vue exceptionnelle. L\u2019eau va d\u00e9border discr\u00e8tement et de fa\u00e7on \u00e9gale sur tout le pourtour de votre bassin.<\/p>\n<\/div>\n<p>[\/vc_column_text][\/vc_column][vc_column width=\u00a0\u00bb1\/6&Prime;][vc_wp_custommenu nav_menu=\u00a0\u00bb14&Prime;][\/vc_column][\/vc_row][vc_row equal_height=\u00a0\u00bbyes\u00a0\u00bb][vc_column width=\u00a0\u00bb1\/2&Prime; css=\u00a0\u00bb.vc_custom_1607783750136{padding-top: 20px !important;padding-bottom: 20px !important;}\u00a0\u00bb][vc_column_text]<\/p>\n<div class=\"b-titre\">\n<h2 style=\"text-align: right;\"><span class=\"b-subtitle\">Avantages<\/span><\/h2>\n<\/div>\n<div class=\"txt-gallerie\">\n<p style=\"text-align: justify;\">Avec la plage au m\u00eame niveau que l\u2019eau, c\u2019est un magnifique miroir dans lequel se refl\u00e8te toute la nature environnante.<\/p>\n<\/div>\n<p>[\/vc_column_text][\/vc_column][vc_column width=\u00a0\u00bb1\/2&Prime; css=\u00a0\u00bb.vc_custom_1607781586004{padding-top: 20px !important;padding-bottom: 20px !important;}\u00a0\u00bb][vc_column_text]<\/p>\n<p>ngg_shortcode_1_placeholder[\/vc_column_text][\/vc_column][\/vc_row][vc_row equal_height=\u00a0\u00bbyes\u00a0\u00bb][vc_column width=\u00a0\u00bb1\/2&Prime; css=\u00a0\u00bb.vc_custom_1607783827968{padding-top: 20px !important;padding-bottom: 20px !important;}\u00a0\u00bb][vc_column_text]<\/p>\n<p>ngg_shortcode_2_placeholder[\/vc_column_text][\/vc_column][vc_column width=\u00a0\u00bb1\/2&Prime; css=\u00a0\u00bb.vc_custom_1607781586004{padding-top: 20px !important;padding-bottom: 20px !important;}\u00a0\u00bb][vc_column_text css=\u00a0\u00bb.vc_custom_1689348725504{padding-top: 20px !important;padding-bottom: 20px !important;}\u00a0\u00bb]<\/p>\n<div class=\"b-titre\">\n<h2 style=\"text-align: left;\"><span class=\"b-subtitle\">Bon \u00e0 savoir<\/span><\/h2>\n<\/div>\n<div class=\"txt-gallerie\">\n<p style=\"text-align: justify;\">Avec le d\u00e9bordement miroir, l\u2019eau s\u2019\u00e9coule du bassin \u00e0 travers une fente avant d\u2019\u00eatre recueillie dans la goulotte r\u00e9alis\u00e9e \u00e0 cet effet. La construction de ce type de piscine apporte une plus-value \u00e0 votre patrimoine gr\u00e2ce \u00e0 son \u00e9l\u00e9gance. Elle donne un sentiment de bonheur et de bien-\u00eatre en continu.<\/p>\n<\/div>\n<p>[\/vc_column_text][\/vc_column][\/vc_row][vc_row content_placement=\u00a0\u00bbmiddle\u00a0\u00bb][vc_column][vc_cta h2=\u00a0\u00bb\u00a0\u00bb h4=\u00a0\u00bbUn renseignement ou une demande de devis\u00a0\u00bb txt_align=\u00a0\u00bbcenter\u00a0\u00bb color=\u00a0\u00bbblack\u00a0\u00bb add_button=\u00a0\u00bbbottom\u00a0\u00bb btn_title=\u00a0\u00bbContactez-nous\u00a0\u00bb btn_shape=\u00a0\u00bbsquare\u00a0\u00bb btn_color=\u00a0\u00bbprimary\u00a0\u00bb btn_align=\u00a0\u00bbcenter\u00a0\u00bb btn_css_animation=\u00a0\u00bbtop-to-bottom\u00a0\u00bb css_animation=\u00a0\u00bbtop-to-bottom\u00a0\u00bb btn_custom_onclick=\u00a0\u00bbtrue\u00a0\u00bb btn_link=\u00a0\u00bburl:%2Fcontact%2F|||\u00a0\u00bb][\/vc_cta][vc_empty_space][\/vc_column][\/vc_row]<\/p>\n<\/div>","protected":false},"excerpt":{"rendered":"<p>[vc_row][vc_column][vc_empty_space][\/vc_column][\/vc_row][vc_row equal_height=\u00a0\u00bbyes\u00a0\u00bb css=\u00a0\u00bb.vc_custom_1607781573991{padding-top: 20px !important;padding-bottom: 20px !important;}\u00a0\u00bb][vc_column width=\u00a0\u00bb5\/12&Prime; css=\u00a0\u00bb.vc_custom_1607872360559{padding-top: 20px !important;padding-bottom: 20px !important;}\u00a0\u00bb][vc_column_text] [\/vc_column_text][\/vc_column][vc_column width=\u00a0\u00bb5\/12&Prime;][vc_column_text css=\u00a0\u00bb.vc_custom_1689348701071{padding-right: 10px !important;}\u00a0\u00bb] Piscines b\u00e9ton miroir Avec une piscine miroir, l\u2019eau va s\u2019\u00e9couler sur les quatre c\u00f4t\u00e9s de la piscine, afin de prolonger la perspective dans toutes les directions et offrir une vue exceptionnelle. L\u2019eau va d\u00e9border discr\u00e8tement et de&hellip;<\/p>\n","protected":false},"author":1,"featured_media":0,"parent":6983,"menu_order":1,"comment_status":"closed","ping_status":"closed","template":"","meta":{"_yoast_wpseo_focuskw":"Piscine miroir","_yoast_wpseo_title":"Piscine miroir, ext\u00e9rieur moderne et esth\u00e9tique | Astro Piscines","_yoast_wpseo_metadesc":"Piscine miroir - Prolongez la perspective dans toutes les directions. Offrez-vous une vue exceptionnelle avec notre piscine en b\u00e9ton miroir.","ngg_post_thumbnail":0,"footnotes":""},"class_list":["post-7536","page","type-page","status-publish","hentry","description-off"],"yoast_head":"<!-- This site is optimized with the Yoast SEO Premium plugin v22.7 (Yoast SEO v27.3) - https:\/\/yoast.com\/product\/yoast-seo-premium-wordpress\/ -->\n<title>Piscine miroir, ext\u00e9rieur moderne et esth\u00e9tique | Astro Piscines<\/title>\n<meta name=\"description\" content=\"Piscine miroir - Prolongez la perspective dans toutes les directions. Offrez-vous une vue exceptionnelle avec notre piscine en b\u00e9ton miroir.\" \/>\n<meta name=\"robots\" content=\"index, follow, max-snippet:-1, max-image-preview:large, max-video-preview:-1\" \/>\n<link rel=\"canonical\" href=\"https:\/\/www.astro-piscines.ch\/fr\/construction-de-piscine\/piscine-beton\/piscine-miroir\/\" \/>\n<meta property=\"og:locale\" content=\"fr_FR\" \/>\n<meta property=\"og:type\" content=\"article\" \/>\n<meta property=\"og:title\" content=\"Piscine miroir\" \/>\n<meta property=\"og:description\" content=\"Piscine miroir - Prolongez la perspective dans toutes les directions. Offrez-vous une vue exceptionnelle avec notre piscine en b\u00e9ton miroir.\" \/>\n<meta property=\"og:url\" content=\"https:\/\/www.astro-piscines.ch\/fr\/construction-de-piscine\/piscine-beton\/piscine-miroir\/\" \/>\n<meta property=\"og:site_name\" content=\"Astro Piscines 1974\" \/>\n<meta property=\"article:modified_time\" content=\"2023-11-16T13:18:25+00:00\" \/>\n<meta name=\"twitter:card\" content=\"summary_large_image\" \/>\n<meta name=\"twitter:label1\" content=\"Dur\u00e9e de lecture estim\u00e9e\" \/>\n\t<meta name=\"twitter:data1\" content=\"2 minutes\" \/>\n<script type=\"application\/ld+json\" class=\"yoast-schema-graph\">{\"@context\":\"https:\\\/\\\/schema.org\",\"@graph\":[{\"@type\":\"WebPage\",\"@id\":\"https:\\\/\\\/www.astro-piscines.ch\\\/fr\\\/construction-de-piscine\\\/piscine-beton\\\/piscine-miroir\\\/\",\"url\":\"https:\\\/\\\/www.astro-piscines.ch\\\/fr\\\/construction-de-piscine\\\/piscine-beton\\\/piscine-miroir\\\/\",\"name\":\"Piscine miroir, ext\u00e9rieur moderne et esth\u00e9tique | Astro Piscines\",\"isPartOf\":{\"@id\":\"https:\\\/\\\/www.astro-piscines.ch\\\/fr\\\/#website\"},\"datePublished\":\"2020-12-13T15:26:42+00:00\",\"dateModified\":\"2023-11-16T13:18:25+00:00\",\"description\":\"Piscine miroir - Prolongez la perspective dans toutes les directions. Offrez-vous une vue exceptionnelle avec notre piscine en b\u00e9ton miroir.\",\"breadcrumb\":{\"@id\":\"https:\\\/\\\/www.astro-piscines.ch\\\/fr\\\/construction-de-piscine\\\/piscine-beton\\\/piscine-miroir\\\/#breadcrumb\"},\"inLanguage\":\"fr-FR\",\"potentialAction\":[{\"@type\":\"ReadAction\",\"target\":[\"https:\\\/\\\/www.astro-piscines.ch\\\/fr\\\/construction-de-piscine\\\/piscine-beton\\\/piscine-miroir\\\/\"]}]},{\"@type\":\"BreadcrumbList\",\"@id\":\"https:\\\/\\\/www.astro-piscines.ch\\\/fr\\\/construction-de-piscine\\\/piscine-beton\\\/piscine-miroir\\\/#breadcrumb\",\"itemListElement\":[{\"@type\":\"ListItem\",\"position\":1,\"name\":\"Accueil\",\"item\":\"https:\\\/\\\/www.astro-piscines.ch\\\/fr\\\/\"},{\"@type\":\"ListItem\",\"position\":2,\"name\":\"Construction de piscine\",\"item\":\"https:\\\/\\\/www.astro-piscines.ch\\\/fr\\\/construction-de-piscine\\\/\"},{\"@type\":\"ListItem\",\"position\":3,\"name\":\"Piscine b\u00e9ton\",\"item\":\"https:\\\/\\\/www.astro-piscines.ch\\\/fr\\\/construction-de-piscine\\\/piscine-beton\\\/\"},{\"@type\":\"ListItem\",\"position\":4,\"name\":\"Piscine miroir\"}]},{\"@type\":\"WebSite\",\"@id\":\"https:\\\/\\\/www.astro-piscines.ch\\\/fr\\\/#website\",\"url\":\"https:\\\/\\\/www.astro-piscines.ch\\\/fr\\\/\",\"name\":\"Astro Piscines 1974\",\"description\":\"\",\"potentialAction\":[{\"@type\":\"SearchAction\",\"target\":{\"@type\":\"EntryPoint\",\"urlTemplate\":\"https:\\\/\\\/www.astro-piscines.ch\\\/fr\\\/?s={search_term_string}\"},\"query-input\":{\"@type\":\"PropertyValueSpecification\",\"valueRequired\":true,\"valueName\":\"search_term_string\"}}],\"inLanguage\":\"fr-FR\"}]}<\/script>\n<!-- \/ Yoast SEO Premium plugin. -->","yoast_head_json":{"title":"Piscine miroir, ext\u00e9rieur moderne et esth\u00e9tique | Astro Piscines","description":"Piscine miroir - Prolongez la perspective dans toutes les directions. Offrez-vous une vue exceptionnelle avec notre piscine en b\u00e9ton miroir.","robots":{"index":"index","follow":"follow","max-snippet":"max-snippet:-1","max-image-preview":"max-image-preview:large","max-video-preview":"max-video-preview:-1"},"canonical":"https:\/\/www.astro-piscines.ch\/fr\/construction-de-piscine\/piscine-beton\/piscine-miroir\/","og_locale":"fr_FR","og_type":"article","og_title":"Piscine miroir","og_description":"Piscine miroir - Prolongez la perspective dans toutes les directions. Offrez-vous une vue exceptionnelle avec notre piscine en b\u00e9ton miroir.","og_url":"https:\/\/www.astro-piscines.ch\/fr\/construction-de-piscine\/piscine-beton\/piscine-miroir\/","og_site_name":"Astro Piscines 1974","article_modified_time":"2023-11-16T13:18:25+00:00","twitter_card":"summary_large_image","twitter_misc":{"Dur\u00e9e de lecture estim\u00e9e":"2 minutes"},"schema":{"@context":"https:\/\/schema.org","@graph":[{"@type":"WebPage","@id":"https:\/\/www.astro-piscines.ch\/fr\/construction-de-piscine\/piscine-beton\/piscine-miroir\/","url":"https:\/\/www.astro-piscines.ch\/fr\/construction-de-piscine\/piscine-beton\/piscine-miroir\/","name":"Piscine miroir, ext\u00e9rieur moderne et esth\u00e9tique | Astro Piscines","isPartOf":{"@id":"https:\/\/www.astro-piscines.ch\/fr\/#website"},"datePublished":"2020-12-13T15:26:42+00:00","dateModified":"2023-11-16T13:18:25+00:00","description":"Piscine miroir - Prolongez la perspective dans toutes les directions. Offrez-vous une vue exceptionnelle avec notre piscine en b\u00e9ton miroir.","breadcrumb":{"@id":"https:\/\/www.astro-piscines.ch\/fr\/construction-de-piscine\/piscine-beton\/piscine-miroir\/#breadcrumb"},"inLanguage":"fr-FR","potentialAction":[{"@type":"ReadAction","target":["https:\/\/www.astro-piscines.ch\/fr\/construction-de-piscine\/piscine-beton\/piscine-miroir\/"]}]},{"@type":"BreadcrumbList","@id":"https:\/\/www.astro-piscines.ch\/fr\/construction-de-piscine\/piscine-beton\/piscine-miroir\/#breadcrumb","itemListElement":[{"@type":"ListItem","position":1,"name":"Accueil","item":"https:\/\/www.astro-piscines.ch\/fr\/"},{"@type":"ListItem","position":2,"name":"Construction de piscine","item":"https:\/\/www.astro-piscines.ch\/fr\/construction-de-piscine\/"},{"@type":"ListItem","position":3,"name":"Piscine b\u00e9ton","item":"https:\/\/www.astro-piscines.ch\/fr\/construction-de-piscine\/piscine-beton\/"},{"@type":"ListItem","position":4,"name":"Piscine miroir"}]},{"@type":"WebSite","@id":"https:\/\/www.astro-piscines.ch\/fr\/#website","url":"https:\/\/www.astro-piscines.ch\/fr\/","name":"Astro Piscines 1974","description":"","potentialAction":[{"@type":"SearchAction","target":{"@type":"EntryPoint","urlTemplate":"https:\/\/www.astro-piscines.ch\/fr\/?s={search_term_string}"},"query-input":{"@type":"PropertyValueSpecification","valueRequired":true,"valueName":"search_term_string"}}],"inLanguage":"fr-FR"}]}},"_links":{"self":[{"href":"https:\/\/www.astro-piscines.ch\/fr\/wp-json\/wp\/v2\/pages\/7536","targetHints":{"allow":["GET"]}}],"collection":[{"href":"https:\/\/www.astro-piscines.ch\/fr\/wp-json\/wp\/v2\/pages"}],"about":[{"href":"https:\/\/www.astro-piscines.ch\/fr\/wp-json\/wp\/v2\/types\/page"}],"author":[{"embeddable":true,"href":"https:\/\/www.astro-piscines.ch\/fr\/wp-json\/wp\/v2\/users\/1"}],"replies":[{"embeddable":true,"href":"https:\/\/www.astro-piscines.ch\/fr\/wp-json\/wp\/v2\/comments?post=7536"}],"version-history":[{"count":4,"href":"https:\/\/www.astro-piscines.ch\/fr\/wp-json\/wp\/v2\/pages\/7536\/revisions"}],"predecessor-version":[{"id":15793,"href":"https:\/\/www.astro-piscines.ch\/fr\/wp-json\/wp\/v2\/pages\/7536\/revisions\/15793"}],"up":[{"embeddable":true,"href":"https:\/\/www.astro-piscines.ch\/fr\/wp-json\/wp\/v2\/pages\/6983"}],"wp:attachment":[{"href":"https:\/\/www.astro-piscines.ch\/fr\/wp-json\/wp\/v2\/media?parent=7536"}],"curies":[{"name":"wp","href":"https:\/\/api.w.org\/{rel}","templated":true}]}}