{"id":7602,"date":"2020-12-15T11:02:59","date_gmt":"2020-12-15T10:02:59","guid":{"rendered":"https:\/\/dev2.astro-piscines.ch\/?page_id=7602"},"modified":"2024-05-26T18:18:35","modified_gmt":"2024-05-26T16:18:35","slug":"piscine-inox","status":"publish","type":"page","link":"https:\/\/www.astro-piscines.ch\/fr\/construction-de-piscine\/piscine-inox\/","title":{"rendered":"Piscine inox"},"content":{"rendered":"<div class=\"wpb-content-wrapper\"><p>[vc_row][vc_column]\n\t\t\t<!-- START PISCINES INOX REVOLUTION SLIDER 6.7.38 --><p class=\"rs-p-wp-fix\"><\/p>\n\t\t\t<rs-module-wrap id=\"rev_slider_28_1_wrapper\" data-source=\"gallery\" style=\"visibility:hidden;background:#111111;padding:0;margin:0px auto;margin-top:0;margin-bottom:0;\">\n\t\t\t\t<rs-module id=\"rev_slider_28_1\" style=\"\" data-version=\"6.7.38\">\n\t\t\t\t\t<rs-slides style=\"overflow: hidden; position: absolute;\">\n\t\t\t\t\t\t<rs-slide style=\"position: absolute;\" data-key=\"rs-118\" data-title=\"Slide\" data-in=\"o:0;\" data-out=\"a:false;\">\n\t\t\t\t\t\t\t<img decoding=\"async\" src=\"\/\/www.astro-piscines.ch\/wp-content\/plugins\/revslider\/sr6\/assets\/assets\/dummy.png\" alt=\"\" title=\"piscines-inox-bg\" width=\"2200\" height=\"647\" class=\"rev-slidebg tp-rs-img rs-lazyload\" data-lazyload=\"\/\/www.astro-piscines.ch\/wp-content\/uploads\/2020\/12\/piscines-inox-bg.jpg\" data-no-retina>\n<!--\n\t\t\t\t\t\t\t--><h1\n\t\t\t\t\t\t\t\tid=\"slider-28-slide-118-layer-0\" \n\t\t\t\t\t\t\t\tclass=\"rs-layer\"\n\t\t\t\t\t\t\t\tdata-type=\"text\"\n\t\t\t\t\t\t\t\tdata-color=\"#fff\"\n\t\t\t\t\t\t\t\tdata-tsh=\"h:5px,5px,5px,1px;v:5px,5px,5px,1px;b:10px,10px,10px,3px;\"\n\t\t\t\t\t\t\t\tdata-rsp_ch=\"on\"\n\t\t\t\t\t\t\t\tdata-xy=\"x:c;y:t,t,t,m;yo:192px,192px,192px,0;\"\n\t\t\t\t\t\t\t\tdata-text=\"w:normal;s:60,60,60,40;l:70,70,70,48;ls:-1,-1,-1,0;a:center;\"\n\t\t\t\t\t\t\t\tdata-dim=\"minh:0px,0px,0px,none;\"\n\t\t\t\t\t\t\t\tdata-frame_0=\"x:0,0,0,0px;y:0,0,0,0px;\"\n\t\t\t\t\t\t\t\tdata-frame_1=\"x:0,0,0,0px;y:0,0,0,0px;\"\n\t\t\t\t\t\t\t\tdata-frame_999=\"o:0;st:w;\"\n\t\t\t\t\t\t\t\tstyle=\"z-index:6;font-family:'Lato';text-transform:uppercase;\"\n\t\t\t\t\t\t\t>PISCINE INOX \n\t\t\t\t\t\t\t<\/h1><!--\n\n\t\t\t\t\t\t\t--><rs-layer\n\t\t\t\t\t\t\t\tid=\"slider-28-slide-118-layer-13\" \n\t\t\t\t\t\t\t\tclass=\"astro-btn-2 rev-btn\"\n\t\t\t\t\t\t\t\tdata-type=\"button\"\n\t\t\t\t\t\t\t\tdata-color=\"rgba(255,255,255,1)\"\n\t\t\t\t\t\t\t\tdata-xy=\"x:c;y:m;yo:48px,48px,48px,95px;\"\n\t\t\t\t\t\t\t\tdata-text=\"s:14;l:14;fw:700;a:center;\"\n\t\t\t\t\t\t\t\tdata-rsp_bd=\"off\"\n\t\t\t\t\t\t\t\tdata-padding=\"t:18;r:45;b:18;l:45;\"\n\t\t\t\t\t\t\t\tdata-frame_0=\"y:-50px;\"\n\t\t\t\t\t\t\t\tdata-frame_1=\"e:power4.inOut;st:700;sp:1000;\"\n\t\t\t\t\t\t\t\tdata-frame_999=\"y:-50px;o:0;e:nothing;st:w;sp:1000;\"\n\t\t\t\t\t\t\t\tdata-frame_hover=\"bgc:#0b74e3;boc:#000;bor:0px,0px,0px,0px;bos:solid;oX:50;oY:50;sp:0;e:none;\"\n\t\t\t\t\t\t\t\tstyle=\"z-index:5;background-color:#0ba1e2;font-family:'Lato';text-transform:uppercase;cursor:pointer;outline:none;box-shadow:none;box-sizing:border-box;-moz-box-sizing:border-box;-webkit-box-sizing:border-box;\"\n\t\t\t\t\t\t\t>DEMANDER UN DEVIS \n\t\t\t\t\t\t\t<\/rs-layer><!--\n-->\t\t\t\t\t<\/rs-slide>\n\t\t\t\t\t<\/rs-slides>\n\t\t\t\t<\/rs-module>\n\t\t\t\t<script>\n\t\t\t\t\tsetREVStartSize({c: 'rev_slider_28_1',rl:[1240,1240,1240,480],el:[507,507,507,405],gw:[1600,1600,1600,720],gh:[507,507,507,405],type:'standard',justify:'',layout:'fullwidth',mh:\"0\"});if (window.RS_MODULES!==undefined && window.RS_MODULES.modules!==undefined && window.RS_MODULES.modules[\"revslider281\"]!==undefined) {window.RS_MODULES.modules[\"revslider281\"].once = false;window.revapi28 = undefined;if (window.RS_MODULES.checkMinimal!==undefined) window.RS_MODULES.checkMinimal()}\n\t\t\t\t<\/script>\n\t\t\t<\/rs-module-wrap>\n\t\t\t<!-- END REVOLUTION SLIDER -->\n[vc_empty_space][\/vc_column][\/vc_row][vc_row equal_height=\u00a0\u00bbyes\u00a0\u00bb css=\u00a0\u00bb.vc_custom_1607781573991{padding-top: 20px !important;padding-bottom: 20px !important;}\u00a0\u00bb][vc_column width=\u00a0\u00bb1\/2&Prime; css=\u00a0\u00bb.vc_custom_1607779927452{padding-top: 20px !important;padding-bottom: 20px !important;}\u00a0\u00bb][vc_column_text]<\/p>\n<p>ngg_shortcode_0_placeholder&nbsp;[\/vc_column_text][\/vc_column][vc_column width=\u00a0\u00bb1\/2&Prime;][vc_column_text]<\/p>\n<div class=\"b-titre\">\n<h2 style=\"text-align: left;\"><span class=\"b-subtitle\">Piscines inox<\/span><\/h2>\n<\/div>\n<div class=\"txt-gallerie\">\n<p style=\"text-align: justify;\">Vous recherchez une piscine haut de gamme avec une longue dur\u00e9e de vie ? La piscine inox est faite pour vous ! C\u2019est la perfection \u00e0 l\u2019\u00e9tat pur avec un design luxueux et magnifique. Ce type de construction s\u2019adapte \u00e0 toutes les formes et dimensions possibles : bassins rectangulaires, piscine ronde, couloir de nage\u2026 La couleur argent\u00e9e accentue les reflets de l\u2019eau, pour obtenir un effet encore plus agr\u00e9able \u00e0 l\u2019\u0153il de toute beaut\u00e9.<\/p>\n<h3><strong>Les piscines en inox sont intemporelles et ne vieillissent pas.<\/strong><\/h3>\n<p>Les piscines en acier inoxydable sont con\u00e7ues pour une utilisation dans des espaces priv\u00e9s, publics et h\u00f4teliers, adapt\u00e9es \u00e0 une installation tant \u00e0 l&rsquo;int\u00e9rieur qu&rsquo;\u00e0 l&rsquo;ext\u00e9rieur. Ces bassins en acier inoxydable offrent la cr\u00e9ation d&rsquo;espaces aquatiques uniques, constituant des havres de loisirs et de bien-\u00eatre. Dot\u00e9es d&rsquo;un design moderne, de possibilit\u00e9s de personnalisation illimit\u00e9es, d&rsquo;une \u00e9l\u00e9gance exceptionnelle et d&rsquo;une qualit\u00e9 de fabrication sup\u00e9rieure, nos piscines en acier inoxydable s&rsquo;int\u00e8grent parfaitement dans tout environnement. Leur caract\u00e8re intemporel garantit une durabilit\u00e9 sans vieillissement. Que vous pr\u00e9f\u00e9riez une piscine de forme ronde, carr\u00e9e ou rectangulaire, qu&rsquo;elle soit install\u00e9e dans votre jardin ou \u00e0 l&rsquo;int\u00e9rieur, nous aspirons \u00e0 vous inspirer et \u00e0 r\u00e9pondre \u00e0 vos attentes les plus \u00e9lev\u00e9es.<\/p>\n<\/div>\n<p>[\/vc_column_text][\/vc_column][\/vc_row][vc_row equal_height=\u00a0\u00bbyes\u00a0\u00bb][vc_column width=\u00a0\u00bb1\/2&Prime; css=\u00a0\u00bb.vc_custom_1607783750136{padding-top: 20px !important;padding-bottom: 20px !important;}\u00a0\u00bb][vc_column_text]<\/p>\n<div class=\"b-titre\">\n<h2 style=\"text-align: right;\"><span class=\"b-subtitle\">Avantages de la piscine en inox<br \/>\n<\/span><\/h2>\n<\/div>\n<div class=\"txt-gallerie\">\n<p style=\"text-align: justify;\">La piscine inox, symbole d&rsquo;excellence et de luxe, pr\u00e9sente des qualit\u00e9s exceptionnelles en termes de r\u00e9sistance \u00e0 la corrosion quel que soit le traitement d\u2019eau adapt\u00e9, d\u2019imperm\u00e9abilit\u00e9 et d\u2019aspect. D\u2019autre part, elle est hygi\u00e9nique, \u00e9cologique et moderne.<\/p>\n<h3><strong>Voici les principaux avantages d\u2019une piscine en inox&nbsp;:<\/strong><\/h3>\n<ul>\n<li>Les bassins en acier inoxydable sont durables, avec des mat\u00e9riaux extr\u00eamement robustes et de haute qualit\u00e9&nbsp;: la beaut\u00e9 ne votre bassin ne va pas s\u2019alt\u00e9rer avec les ann\u00e9es&nbsp;(contrairement au liner) : une piscine de qualit\u00e9 qui apportera une plus-value certaine \u00e0 votre bien immobilier.<\/li>\n<\/ul>\n<ul>\n<li>Facile \u00e0 entretenir : nettoyage et soins faciles : le refoulement sophistiqu\u00e9 du bassin procure une action de nettoyage optimale. Votre temps sera d\u00e9di\u00e9 au plaisir et non au nettoyage, m\u00eame si vous pouvez y plonger un robot.<\/li>\n<\/ul>\n<ul>\n<li>Aucune ligne d&rsquo;eau \u00e0 nettoyer.<\/li>\n<\/ul>\n<ul>\n<li>Surface lisse, agr\u00e9able<\/li>\n<\/ul>\n<ul>\n<li>Conditions d&rsquo;hygi\u00e8ne optimales&nbsp;: l\u2019inox est tr\u00e8s hygi\u00e9nique et les algues ne peuvent que difficilement s\u2019y fixer.<\/li>\n<\/ul>\n<ul>\n<li>R\u00e9sistant aux intemp\u00e9ries<\/li>\n<li>Visuellement tr\u00e8s \u00e9l\u00e9gant et moderne en permanence&nbsp;: Aucune alt\u00e9ration de l\u2019inox ne sera \u00e0 relever quant \u00e0 une stagnation de feuilles mortes ou autres mati\u00e8res organiques au fond de la piscine<\/li>\n<li>R\u00e9sistant \u00e0 la chaleur et au rayonnement UV&nbsp;: Pas de changement de couleur et pas de d\u00e9coloration<\/li>\n<li>Installation rapide (les \u00e9l\u00e9ments sont pr\u00e9fabriqu\u00e9s en usine)<\/li>\n<li>La r\u00e9flexion solaire supporte l&rsquo;effet de chauffage<\/li>\n<\/ul>\n<ul>\n<li>Pas de dommages dus au gel&nbsp;: Les travaux d&rsquo;hivernage sont superflus&nbsp;: Il n\u2019est pas n\u00e9cessaire de placer des flotteurs pour absorber la pouss\u00e9e de la glace. (Contrairement \u00e0 une coque)<\/li>\n<li><span data-moz-translations-id=\"9\">Une piscine \u00e9cologique : Une piscine parfaitement \u00e9tanche et sans fuite avec un bac tampon surdimensionn\u00e9 permettant d\u2019accumuler totalement l\u2019eau de pluie et ainsi faire face \u00e0 la s\u00e9cheresse et aux restrictions d\u2019eau. L\u2019eau de la piscine n\u2019a jamais besoin d\u2019\u00eatre chang\u00e9e. Les nombreuses contraintes telles que, la diminution du niveau de l\u2019eau, vidanges ou autres actions, sont inutiles.<\/span><\/li>\n<li>Faible poids propre<\/li>\n<li><span data-moz-translations-id=\"9\">Le gaufrage du fond du bassin cr\u00e9e de beaux effets lumineux dans l\u2019eau turquoise et assure aussi un effet antid\u00e9rapant au fond.<\/span><\/li>\n<\/ul>\n<\/div>\n<p>[\/vc_column_text][\/vc_column][vc_column width=\u00a0\u00bb1\/2&Prime; css=\u00a0\u00bb.vc_custom_1607781586004{padding-top: 20px !important;padding-bottom: 20px !important;}\u00a0\u00bb][vc_column_text]<\/p>\n<p>ngg_shortcode_1_placeholder[\/vc_column_text][vc_single_image image=\u00a0\u00bb16483&Prime; img_size=\u00a0\u00bblarge\u00a0\u00bb][\/vc_column][\/vc_row][vc_row equal_height=\u00a0\u00bbyes\u00a0\u00bb][vc_column width=\u00a0\u00bb1\/2&Prime; css=\u00a0\u00bb.vc_custom_1607783827968{padding-top: 20px !important;padding-bottom: 20px !important;}\u00a0\u00bb][vc_column_text]<\/p>\n<p>ngg_shortcode_2_placeholder[\/vc_column_text][vc_single_image image=\u00a0\u00bb16495&Prime; img_size=\u00a0\u00bblarge\u00a0\u00bb][\/vc_column][vc_column width=\u00a0\u00bb1\/2&Prime; css=\u00a0\u00bb.vc_custom_1607781586004{padding-top: 20px !important;padding-bottom: 20px !important;}\u00a0\u00bb][vc_column_text css=\u00a0\u00bb.vc_custom_1700488409030{padding-top: 20px !important;padding-bottom: 20px !important;}\u00a0\u00bb]<\/p>\n<p style=\"text-align: justify;\">Ce type de piscine a un co\u00fbt plus \u00e9lev\u00e9 \u00e0 l\u2019installation et \u00e0 la r\u00e9alisation, mais elle permet de r\u00e9aliser des \u00e9conomies importantes \u00e0 long terme gr\u00e2ce aux efforts d\u2019entretien et d\u2019hivernage limit\u00e9s et l\u2019inox ne n\u00e9cessitant pas de rev\u00eatement d\u2019\u00e9tanch\u00e9it\u00e9.<\/p>\n<h2>Questions fr\u00e9quentes<\/h2>\n<h3>Quelles pr\u00e9cautions doivent \u00eatre prises en compte pour une piscine en acier inoxydable ?<\/h3>\n<p>L&rsquo;acier inoxydable est vuln\u00e9rable aux oxydes, donc il est crucial d&rsquo;\u00e9viter tout contact avec des m\u00e9taux ferreux tels que clous, pelles, outils, etc. Il est imp\u00e9ratif de ne jamais allumer des feux d&rsquo;artifice contenant des oxydes m\u00e9talliques \u00e0 proximit\u00e9 de la piscine. Cela pourrait entra\u00eener des marques de rouille inesth\u00e9tiques, potentiellement nuisibles \u00e0 la surface de l&rsquo;acier inoxydable.<\/p>\n<h3>Quel syst\u00e8me de traitement de l&rsquo;eau ?<\/h3>\n<p>Il est recommand\u00e9 d&rsquo;utiliser un syst\u00e8me automatique de traitement de l&rsquo;eau avec du chlore liquide et du pH Minus.<\/p>\n<h3>Peut-on r\u00e9nover une piscine existante en piscine en inox ?<\/h3>\n<p>Oui, la transformation d&rsquo;une piscine existante en acier inoxydable est possible, mais cela d\u00e9pend de la faisabilit\u00e9 de l&rsquo;installation initiale et des modifications \u00e9ventuelles qui pourraient \u00eatre n\u00e9cessaires.<\/p>\n<h3>Quelle est la gamme de prix pour une piscine en inox en Suisse ?<\/h3>\n<p>Les prix varient en fonction de plusieurs param\u00e8tres, y compris la taille de la piscine et les options choisies. Une fourchette de prix approximative, sans engagement, peut \u00eatre fournie. Par exemple, pour une piscine en inox sans d\u00e9bordement de dimensions 3.5m x 7m x 1.50m, le prix approximatif pourrait commencer \u00e0 CHF 80,000.-. Pour une piscine \u00e0 d\u00e9bordement sur quatre c\u00f4t\u00e9s de dimensions similaires, le prix approximatif pourrait commencer \u00e0 CHF 120,000.-. Ces prix n&rsquo;incluent pas les travaux de g\u00e9nie civil, l&rsquo;am\u00e9nagement paysager, les assainissements du terrain n\u00e9cessaires, et l&rsquo;alimentation \u00e9lectrique depuis le tableau de distribution de la villa. <a href=\"https:\/\/www.astro-piscines.ch\/fr\/contact\/\">N&rsquo;h\u00e9sitez pas \u00e0 prendre contact avec Astro Piscines<\/a> pour un devis d\u00e9taill\u00e9 sans engagement.<\/p>\n<h3 class=\"font8\"><span class=\"wixui-rich-texttext\"><b><span style=\"font-size: 13.5pt; font-family: 'Arial',sans-serif; color: black;\">Quelles sont les garanties et quelle est la qualit\u00e9 de l\u2019inox utilis\u00e9e ?<\/span><\/b><\/span><\/h3>\n<p class=\"font8\"><span class=\"wixui-rich-texttext\"><span style=\"font-family: 'Arial',sans-serif; color: black;\">Dans les conditions d\u2019une utilisation normale : <b>20 ans de garantie sur le bassin en inox.<\/b><\/span><\/span><\/p>\n<p class=\"font8\"><span class=\"wixui-rich-texttext\"><span style=\"font-family: 'Arial',sans-serif; color: black;\">Pour les autres \u00e9l\u00e9ments tels que : pompe \u00e0 chaleur, appareils \u00e9lectroniques, etc., les garanties d\u2019usine font r\u00e9f\u00e9rence. <\/span><\/span><\/p>\n<p class=\"font8\"><span class=\"wixui-rich-texttext\"><b><span style=\"font-family: 'Arial',sans-serif; color: black;\">L\u2019inox utilis\u00e9 est de type V4A (1.4404 \/ 316 L).<\/span><\/b><\/span><\/p>\n<p>[\/vc_column_text][\/vc_column][\/vc_row][vc_row content_placement=\u00a0\u00bbmiddle\u00a0\u00bb][vc_column][vc_cta h2=\u00a0\u00bb\u00a0\u00bb h4=\u00a0\u00bbUn renseignement ou une demande de devis\u00a0\u00bb txt_align=\u00a0\u00bbcenter\u00a0\u00bb color=\u00a0\u00bbblack\u00a0\u00bb add_button=\u00a0\u00bbbottom\u00a0\u00bb btn_title=\u00a0\u00bbContactez-nous\u00a0\u00bb btn_shape=\u00a0\u00bbsquare\u00a0\u00bb btn_color=\u00a0\u00bbprimary\u00a0\u00bb btn_align=\u00a0\u00bbcenter\u00a0\u00bb btn_css_animation=\u00a0\u00bbtop-to-bottom\u00a0\u00bb css_animation=\u00a0\u00bbtop-to-bottom\u00a0\u00bb btn_custom_onclick=\u00a0\u00bbtrue\u00a0\u00bb btn_link=\u00a0\u00bburl:%2Fcontact%2F|||\u00a0\u00bb][\/vc_cta][vc_empty_space][\/vc_column][\/vc_row]<\/p>\n<\/div>","protected":false},"excerpt":{"rendered":"<p>[vc_row][vc_column][vc_empty_space][\/vc_column][\/vc_row][vc_row equal_height=\u00a0\u00bbyes\u00a0\u00bb css=\u00a0\u00bb.vc_custom_1607781573991{padding-top: 20px !important;padding-bottom: 20px !important;}\u00a0\u00bb][vc_column width=\u00a0\u00bb1\/2&Prime; css=\u00a0\u00bb.vc_custom_1607779927452{padding-top: 20px !important;padding-bottom: 20px !important;}\u00a0\u00bb][vc_column_text] &nbsp;[\/vc_column_text][\/vc_column][vc_column width=\u00a0\u00bb1\/2&Prime;][vc_column_text] Piscines inox Vous recherchez une piscine haut de gamme avec une longue dur\u00e9e de vie ? La piscine inox est faite pour vous ! C\u2019est la perfection \u00e0 l\u2019\u00e9tat pur avec un design luxueux et magnifique. Ce type de construction&hellip;<\/p>\n","protected":false},"author":1,"featured_media":16479,"parent":7652,"menu_order":1,"comment_status":"closed","ping_status":"closed","template":"","meta":{"_yoast_wpseo_focuskw":"piscine inox","_yoast_wpseo_title":"Piscine inox, solution haut de gamme et durable | Astro Piscines","_yoast_wpseo_metadesc":"Piscine inox - Bassins luxueux disponibles en diff\u00e9rentes tailles et formes selon vos pr\u00e9f\u00e9rences. Elles s'adaptent \u00e0 votre environnement.","ngg_post_thumbnail":0,"footnotes":""},"class_list":["post-7602","page","type-page","status-publish","has-post-thumbnail","hentry","description-off"],"yoast_head":"<!-- This site is optimized with the Yoast SEO Premium plugin v22.7 (Yoast SEO v27.3) - https:\/\/yoast.com\/product\/yoast-seo-premium-wordpress\/ -->\n<title>Piscine inox, solution haut de gamme et durable | Astro Piscines<\/title>\n<meta name=\"description\" content=\"Piscine inox - Bassins luxueux disponibles en diff\u00e9rentes tailles et formes selon vos pr\u00e9f\u00e9rences. Elles s&#039;adaptent \u00e0 votre environnement.\" \/>\n<meta name=\"robots\" content=\"index, follow, max-snippet:-1, max-image-preview:large, max-video-preview:-1\" \/>\n<link rel=\"canonical\" href=\"https:\/\/www.astro-piscines.ch\/fr\/construction-de-piscine\/piscine-inox\/\" \/>\n<meta property=\"og:locale\" content=\"fr_FR\" \/>\n<meta property=\"og:type\" content=\"article\" \/>\n<meta property=\"og:title\" content=\"Piscine inox\" \/>\n<meta property=\"og:description\" content=\"Piscine inox - Bassins luxueux disponibles en diff\u00e9rentes tailles et formes selon vos pr\u00e9f\u00e9rences. Elles s&#039;adaptent \u00e0 votre environnement.\" \/>\n<meta property=\"og:url\" content=\"https:\/\/www.astro-piscines.ch\/fr\/construction-de-piscine\/piscine-inox\/\" \/>\n<meta property=\"og:site_name\" content=\"Astro Piscines 1974\" \/>\n<meta property=\"article:modified_time\" content=\"2024-05-26T16:18:35+00:00\" \/>\n<meta property=\"og:image\" content=\"https:\/\/www.astro-piscines.ch\/wp-content\/uploads\/2023\/11\/Piscine-inox-5.jpg\" \/>\n\t<meta property=\"og:image:width\" content=\"1872\" \/>\n\t<meta property=\"og:image:height\" content=\"1250\" \/>\n\t<meta property=\"og:image:type\" content=\"image\/jpeg\" \/>\n<meta name=\"twitter:card\" content=\"summary_large_image\" \/>\n<meta name=\"twitter:label1\" content=\"Dur\u00e9e de lecture estim\u00e9e\" \/>\n\t<meta name=\"twitter:data1\" content=\"6 minutes\" \/>\n<script type=\"application\/ld+json\" class=\"yoast-schema-graph\">{\"@context\":\"https:\\\/\\\/schema.org\",\"@graph\":[{\"@type\":\"WebPage\",\"@id\":\"https:\\\/\\\/www.astro-piscines.ch\\\/fr\\\/construction-de-piscine\\\/piscine-inox\\\/\",\"url\":\"https:\\\/\\\/www.astro-piscines.ch\\\/fr\\\/construction-de-piscine\\\/piscine-inox\\\/\",\"name\":\"Piscine inox, solution haut de gamme et durable | Astro Piscines\",\"isPartOf\":{\"@id\":\"https:\\\/\\\/www.astro-piscines.ch\\\/fr\\\/#website\"},\"primaryImageOfPage\":{\"@id\":\"https:\\\/\\\/www.astro-piscines.ch\\\/fr\\\/construction-de-piscine\\\/piscine-inox\\\/#primaryimage\"},\"image\":{\"@id\":\"https:\\\/\\\/www.astro-piscines.ch\\\/fr\\\/construction-de-piscine\\\/piscine-inox\\\/#primaryimage\"},\"thumbnailUrl\":\"https:\\\/\\\/www.astro-piscines.ch\\\/wp-content\\\/uploads\\\/2023\\\/11\\\/Piscine-inox-5.jpg\",\"datePublished\":\"2020-12-15T10:02:59+00:00\",\"dateModified\":\"2024-05-26T16:18:35+00:00\",\"description\":\"Piscine inox - Bassins luxueux disponibles en diff\u00e9rentes tailles et formes selon vos pr\u00e9f\u00e9rences. Elles s'adaptent \u00e0 votre environnement.\",\"breadcrumb\":{\"@id\":\"https:\\\/\\\/www.astro-piscines.ch\\\/fr\\\/construction-de-piscine\\\/piscine-inox\\\/#breadcrumb\"},\"inLanguage\":\"fr-FR\",\"potentialAction\":[{\"@type\":\"ReadAction\",\"target\":[\"https:\\\/\\\/www.astro-piscines.ch\\\/fr\\\/construction-de-piscine\\\/piscine-inox\\\/\"]}]},{\"@type\":\"ImageObject\",\"inLanguage\":\"fr-FR\",\"@id\":\"https:\\\/\\\/www.astro-piscines.ch\\\/fr\\\/construction-de-piscine\\\/piscine-inox\\\/#primaryimage\",\"url\":\"https:\\\/\\\/www.astro-piscines.ch\\\/wp-content\\\/uploads\\\/2023\\\/11\\\/Piscine-inox-5.jpg\",\"contentUrl\":\"https:\\\/\\\/www.astro-piscines.ch\\\/wp-content\\\/uploads\\\/2023\\\/11\\\/Piscine-inox-5.jpg\",\"width\":1872,\"height\":1250,\"caption\":\"Piscine inox : la beaut\u00e9 et le luxe\"},{\"@type\":\"BreadcrumbList\",\"@id\":\"https:\\\/\\\/www.astro-piscines.ch\\\/fr\\\/construction-de-piscine\\\/piscine-inox\\\/#breadcrumb\",\"itemListElement\":[{\"@type\":\"ListItem\",\"position\":1,\"name\":\"Accueil\",\"item\":\"https:\\\/\\\/www.astro-piscines.ch\\\/fr\\\/\"},{\"@type\":\"ListItem\",\"position\":2,\"name\":\"Construction de piscine\",\"item\":\"https:\\\/\\\/www.astro-piscines.ch\\\/fr\\\/construction-de-piscine\\\/\"},{\"@type\":\"ListItem\",\"position\":3,\"name\":\"Piscine inox\"}]},{\"@type\":\"WebSite\",\"@id\":\"https:\\\/\\\/www.astro-piscines.ch\\\/fr\\\/#website\",\"url\":\"https:\\\/\\\/www.astro-piscines.ch\\\/fr\\\/\",\"name\":\"Astro Piscines 1974\",\"description\":\"\",\"potentialAction\":[{\"@type\":\"SearchAction\",\"target\":{\"@type\":\"EntryPoint\",\"urlTemplate\":\"https:\\\/\\\/www.astro-piscines.ch\\\/fr\\\/?s={search_term_string}\"},\"query-input\":{\"@type\":\"PropertyValueSpecification\",\"valueRequired\":true,\"valueName\":\"search_term_string\"}}],\"inLanguage\":\"fr-FR\"}]}<\/script>\n<!-- \/ Yoast SEO Premium plugin. -->","yoast_head_json":{"title":"Piscine inox, solution haut de gamme et durable | Astro Piscines","description":"Piscine inox - Bassins luxueux disponibles en diff\u00e9rentes tailles et formes selon vos pr\u00e9f\u00e9rences. Elles s'adaptent \u00e0 votre environnement.","robots":{"index":"index","follow":"follow","max-snippet":"max-snippet:-1","max-image-preview":"max-image-preview:large","max-video-preview":"max-video-preview:-1"},"canonical":"https:\/\/www.astro-piscines.ch\/fr\/construction-de-piscine\/piscine-inox\/","og_locale":"fr_FR","og_type":"article","og_title":"Piscine inox","og_description":"Piscine inox - Bassins luxueux disponibles en diff\u00e9rentes tailles et formes selon vos pr\u00e9f\u00e9rences. Elles s'adaptent \u00e0 votre environnement.","og_url":"https:\/\/www.astro-piscines.ch\/fr\/construction-de-piscine\/piscine-inox\/","og_site_name":"Astro Piscines 1974","article_modified_time":"2024-05-26T16:18:35+00:00","og_image":[{"width":1872,"height":1250,"url":"https:\/\/www.astro-piscines.ch\/wp-content\/uploads\/2023\/11\/Piscine-inox-5.jpg","type":"image\/jpeg"}],"twitter_card":"summary_large_image","twitter_misc":{"Dur\u00e9e de lecture estim\u00e9e":"6 minutes"},"schema":{"@context":"https:\/\/schema.org","@graph":[{"@type":"WebPage","@id":"https:\/\/www.astro-piscines.ch\/fr\/construction-de-piscine\/piscine-inox\/","url":"https:\/\/www.astro-piscines.ch\/fr\/construction-de-piscine\/piscine-inox\/","name":"Piscine inox, solution haut de gamme et durable | Astro Piscines","isPartOf":{"@id":"https:\/\/www.astro-piscines.ch\/fr\/#website"},"primaryImageOfPage":{"@id":"https:\/\/www.astro-piscines.ch\/fr\/construction-de-piscine\/piscine-inox\/#primaryimage"},"image":{"@id":"https:\/\/www.astro-piscines.ch\/fr\/construction-de-piscine\/piscine-inox\/#primaryimage"},"thumbnailUrl":"https:\/\/www.astro-piscines.ch\/wp-content\/uploads\/2023\/11\/Piscine-inox-5.jpg","datePublished":"2020-12-15T10:02:59+00:00","dateModified":"2024-05-26T16:18:35+00:00","description":"Piscine inox - Bassins luxueux disponibles en diff\u00e9rentes tailles et formes selon vos pr\u00e9f\u00e9rences. Elles s'adaptent \u00e0 votre environnement.","breadcrumb":{"@id":"https:\/\/www.astro-piscines.ch\/fr\/construction-de-piscine\/piscine-inox\/#breadcrumb"},"inLanguage":"fr-FR","potentialAction":[{"@type":"ReadAction","target":["https:\/\/www.astro-piscines.ch\/fr\/construction-de-piscine\/piscine-inox\/"]}]},{"@type":"ImageObject","inLanguage":"fr-FR","@id":"https:\/\/www.astro-piscines.ch\/fr\/construction-de-piscine\/piscine-inox\/#primaryimage","url":"https:\/\/www.astro-piscines.ch\/wp-content\/uploads\/2023\/11\/Piscine-inox-5.jpg","contentUrl":"https:\/\/www.astro-piscines.ch\/wp-content\/uploads\/2023\/11\/Piscine-inox-5.jpg","width":1872,"height":1250,"caption":"Piscine inox : la beaut\u00e9 et le luxe"},{"@type":"BreadcrumbList","@id":"https:\/\/www.astro-piscines.ch\/fr\/construction-de-piscine\/piscine-inox\/#breadcrumb","itemListElement":[{"@type":"ListItem","position":1,"name":"Accueil","item":"https:\/\/www.astro-piscines.ch\/fr\/"},{"@type":"ListItem","position":2,"name":"Construction de piscine","item":"https:\/\/www.astro-piscines.ch\/fr\/construction-de-piscine\/"},{"@type":"ListItem","position":3,"name":"Piscine inox"}]},{"@type":"WebSite","@id":"https:\/\/www.astro-piscines.ch\/fr\/#website","url":"https:\/\/www.astro-piscines.ch\/fr\/","name":"Astro Piscines 1974","description":"","potentialAction":[{"@type":"SearchAction","target":{"@type":"EntryPoint","urlTemplate":"https:\/\/www.astro-piscines.ch\/fr\/?s={search_term_string}"},"query-input":{"@type":"PropertyValueSpecification","valueRequired":true,"valueName":"search_term_string"}}],"inLanguage":"fr-FR"}]}},"_links":{"self":[{"href":"https:\/\/www.astro-piscines.ch\/fr\/wp-json\/wp\/v2\/pages\/7602","targetHints":{"allow":["GET"]}}],"collection":[{"href":"https:\/\/www.astro-piscines.ch\/fr\/wp-json\/wp\/v2\/pages"}],"about":[{"href":"https:\/\/www.astro-piscines.ch\/fr\/wp-json\/wp\/v2\/types\/page"}],"author":[{"embeddable":true,"href":"https:\/\/www.astro-piscines.ch\/fr\/wp-json\/wp\/v2\/users\/1"}],"replies":[{"embeddable":true,"href":"https:\/\/www.astro-piscines.ch\/fr\/wp-json\/wp\/v2\/comments?post=7602"}],"version-history":[{"count":5,"href":"https:\/\/www.astro-piscines.ch\/fr\/wp-json\/wp\/v2\/pages\/7602\/revisions"}],"predecessor-version":[{"id":16511,"href":"https:\/\/www.astro-piscines.ch\/fr\/wp-json\/wp\/v2\/pages\/7602\/revisions\/16511"}],"up":[{"embeddable":true,"href":"https:\/\/www.astro-piscines.ch\/fr\/wp-json\/wp\/v2\/pages\/7652"}],"wp:featuredmedia":[{"embeddable":true,"href":"https:\/\/www.astro-piscines.ch\/fr\/wp-json\/wp\/v2\/media\/16479"}],"wp:attachment":[{"href":"https:\/\/www.astro-piscines.ch\/fr\/wp-json\/wp\/v2\/media?parent=7602"}],"curies":[{"name":"wp","href":"https:\/\/api.w.org\/{rel}","templated":true}]}}